{"id":253615,"date":"2023-08-02T16:11:42","date_gmt":"2023-08-02T21:11:42","guid":{"rendered":"https:\/\/proyectosotonorte.com\/?page_id=253615"},"modified":"2024-09-11T18:38:58","modified_gmt":"2024-09-11T23:38:58","slug":"acuerdos-sociales","status":"publish","type":"page","link":"https:\/\/proyectosotonorte.com\/en\/sala-de-prensa\/galeria\/acuerdos-sociales\/","title":{"rendered":"Social Agreements"},"content":{"rendered":"<p>[et_pb_section fb_built=\u00bb1&#8243; _builder_version=\u00bb4.20.4&#8243; _module_preset=\u00bbdefault\u00bb global_colors_info=\u00bb{}\u00bb][et_pb_row use_custom_gutter=\u00bbon\u00bb gutter_width=\u00bb1&#8243; admin_label=\u00bbimagen principal\u00bb _builder_version=\u00bb4.20.4&#8243; _module_preset=\u00bbdefault\u00bb global_colors_info=\u00bb{}\u00bb][et_pb_column type=\u00bb4_4&#8243; _builder_version=\u00bb4.20.4&#8243; _module_preset=\u00bbdefault\u00bb global_colors_info=\u00bb{}\u00bb][dnxte_minimal_image_hover image=\u00bbhttps:\/\/proyectosotonorte.com\/wp-content\/uploads\/2024\/03\/Acuerdos-sociales-proyecto-soto-norte.webp\u00bb dnxtmih_image_hover_effect=\u00bbeffect9&#8243; _builder_version=\u00bb4.25.0&#8243; _module_preset=\u00bbdefault\u00bb width=\u00bb53%\u00bb width_tablet=\u00bb71%\u00bb width_phone=\u00bb96%\u00bb width_last_edited=\u00bbon|phone\u00bb module_alignment=\u00bbcenter\u00bb custom_margin_tablet=\u00bb|||0px|false|false\u00bb custom_margin_phone=\u00bb|||0px|false|false\u00bb custom_margin_last_edited=\u00bbon|desktop\u00bb custom_padding=\u00bb|||0px|false|false\u00bb module_alignment_tablet=\u00bbcenter\u00bb module_alignment_phone=\u00bbcenter\u00bb module_alignment_last_edited=\u00bbon|tablet\u00bb border_radii=\u00bbon|36px|36px|36px|36px\u00bb border_width_all=\u00bb0px\u00bb border_radii_tablet=\u00bbon|28px|28px|28px|28px\u00bb border_radii_phone=\u00bbon|20px|20px|20px|20px\u00bb border_radii_last_edited=\u00bbon|phone\u00bb global_colors_info=\u00bb{}\u00bb][\/dnxte_minimal_image_hover][\/et_pb_column][\/et_pb_row][et_pb_row column_structure=\u00bb1_3,1_3,1_3&#8243; use_custom_gutter=\u00bbon\u00bb gutter_width=\u00bb1&#8243; admin_label=\u00bbbotones\u00bb _builder_version=\u00bb4.20.4&#8243; _module_preset=\u00bbdefault\u00bb global_colors_info=\u00bb{}\u00bb][et_pb_column type=\u00bb1_3&#8243; admin_label=\u00bbCalifornia\u00bb _builder_version=\u00bb4.20.4&#8243; _module_preset=\u00bbdefault\u00bb global_colors_info=\u00bb{}\u00bb][dnxte_button button_text=\u00bbCalifornia\u00bb button_link=\u00bb@ET-DC@eyJkeW5hbWljIjp0cnVlLCJjb250ZW50IjoicG9zdF9saW5rX3VybF9wYWdlIiwic2V0dGluZ3MiOnsicG9zdF9pZCI6IjI1MzY3MCJ9fQ==@\u00bb dnxt_button_alignment=\u00bbcenter\u00bb btn_show_hide=\u00bboff\u00bb dnxt_hover_bg=\u00bbdnxt-hover-shutter-in-vertical\u00bb _builder_version=\u00bb4.20.4&#8243; _dynamic_attributes=\u00bbbutton_link\u00bb _module_preset=\u00bbdefault\u00bb btn_fonts_text_color=\u00bb#FFFFFF\u00bb btn_fonts_font_size=\u00bb29px\u00bb btn_fonts_line_height=\u00bb1.7em\u00bb background_color=\u00bb#2a82aa\u00bb use_background_color_gradient=\u00bbon\u00bb background_color_gradient_stops=\u00bb#2a82aa 0%|rgba(25, 92, 127, 1) 53%|#0b3d5c 96%\u00bb width_tablet=\u00bb\u00bb width_phone=\u00bb\u00bb width_last_edited=\u00bbon|phone\u00bb max_width_last_edited=\u00bboff|phone\u00bb min_height_tablet=\u00bb\u00bb min_height_phone=\u00bb\u00bb min_height_last_edited=\u00bbon|phone\u00bb height_tablet=\u00bb\u00bb height_phone=\u00bb\u00bb height_last_edited=\u00bbon|phone\u00bb custom_padding=\u00bb0px|||||\u00bb btn_fonts_font_size_tablet=\u00bb20px\u00bb btn_fonts_font_size_phone=\u00bb17px\u00bb btn_fonts_font_size_last_edited=\u00bbon|phone\u00bb module_alignment_tablet=\u00bb\u00bb module_alignment_phone=\u00bbcenter\u00bb module_alignment_last_edited=\u00bbon|phone\u00bb border_radii_btn_border=\u00bbon|9px|9px|9px|9px\u00bb border_width_all_btn_border=\u00bb2px\u00bb global_colors_info=\u00bb{}\u00bb transform_styles__hover_enabled=\u00bbon|hover\u00bb transform_scale__hover_enabled=\u00bbon|hover\u00bb transform_translate__hover_enabled=\u00bbon|desktop\u00bb transform_rotate__hover_enabled=\u00bbon|desktop\u00bb transform_skew__hover_enabled=\u00bbon|desktop\u00bb transform_origin__hover_enabled=\u00bbon|desktop\u00bb transform_scale__hover=\u00bb101%|101%\u00bb][\/dnxte_button][\/et_pb_column][et_pb_column type=\u00bb1_3&#8243; admin_label=\u00bbMatanza\u00bb _builder_version=\u00bb4.20.4&#8243; _module_preset=\u00bbdefault\u00bb global_colors_info=\u00bb{}\u00bb][dnxte_button button_text=\u00bbMatanza\u00bb button_link=\u00bb@ET-DC@eyJkeW5hbWljIjp0cnVlLCJjb250ZW50IjoicG9zdF9saW5rX3VybF9wYWdlIiwic2V0dGluZ3MiOnsicG9zdF9pZCI6IjI1MzYyNyJ9fQ==@\u00bb dnxt_button_alignment=\u00bbcenter\u00bb btn_show_hide=\u00bboff\u00bb dnxt_hover_bg=\u00bbdnxt-hover-shutter-in-vertical\u00bb _builder_version=\u00bb4.20.4&#8243; _dynamic_attributes=\u00bbbutton_link\u00bb _module_preset=\u00bbdefault\u00bb btn_fonts_text_color=\u00bb#FFFFFF\u00bb btn_fonts_font_size=\u00bb29px\u00bb btn_fonts_line_height=\u00bb1.7em\u00bb background_color=\u00bb#2a82aa\u00bb use_background_color_gradient=\u00bbon\u00bb background_color_gradient_stops=\u00bb#2a82aa 0%|rgba(25, 92, 127, 1) 53%|#0b3d5c 96%\u00bb width_tablet=\u00bb\u00bb width_phone=\u00bb\u00bb width_last_edited=\u00bbon|phone\u00bb max_width_last_edited=\u00bboff|phone\u00bb min_height_tablet=\u00bb\u00bb min_height_phone=\u00bb\u00bb min_height_last_edited=\u00bbon|phone\u00bb height_tablet=\u00bb\u00bb height_phone=\u00bb\u00bb height_last_edited=\u00bbon|phone\u00bb custom_padding=\u00bb0px|||||\u00bb btn_fonts_font_size_tablet=\u00bb20px\u00bb btn_fonts_font_size_phone=\u00bb17px\u00bb btn_fonts_font_size_last_edited=\u00bbon|phone\u00bb module_alignment_tablet=\u00bb\u00bb module_alignment_phone=\u00bbcenter\u00bb module_alignment_last_edited=\u00bbon|phone\u00bb border_radii_btn_border=\u00bbon|9px|9px|9px|9px\u00bb border_width_all_btn_border=\u00bb2px\u00bb global_colors_info=\u00bb{}\u00bb transform_styles__hover_enabled=\u00bbon|hover\u00bb transform_scale__hover_enabled=\u00bbon|hover\u00bb transform_translate__hover_enabled=\u00bbon|desktop\u00bb transform_rotate__hover_enabled=\u00bbon|desktop\u00bb transform_skew__hover_enabled=\u00bbon|desktop\u00bb transform_origin__hover_enabled=\u00bbon|desktop\u00bb transform_scale__hover=\u00bb101%|101%\u00bb][\/dnxte_button][\/et_pb_column][et_pb_column type=\u00bb1_3&#8243; admin_label=\u00bbSurat\u00e1\u00bb _builder_version=\u00bb4.20.4&#8243; _module_preset=\u00bbdefault\u00bb global_colors_info=\u00bb{}\u00bb][dnxte_button button_text=\u00bbSurat\u00e1\u00bb button_link=\u00bb@ET-DC@eyJkeW5hbWljIjp0cnVlLCJjb250ZW50IjoicG9zdF9saW5rX3VybF9wYWdlIiwic2V0dGluZ3MiOnsicG9zdF9pZCI6IjI1MzcwOSJ9fQ==@\u00bb dnxt_button_alignment=\u00bbcenter\u00bb btn_show_hide=\u00bboff\u00bb dnxt_hover_bg=\u00bbdnxt-hover-shutter-in-vertical\u00bb _builder_version=\u00bb4.20.4&#8243; _dynamic_attributes=\u00bbbutton_link\u00bb _module_preset=\u00bbdefault\u00bb btn_fonts_text_color=\u00bb#FFFFFF\u00bb btn_fonts_font_size=\u00bb29px\u00bb btn_fonts_line_height=\u00bb1.7em\u00bb background_color=\u00bb#2a82aa\u00bb use_background_color_gradient=\u00bbon\u00bb background_color_gradient_stops=\u00bb#2a82aa 0%|rgba(25, 92, 127, 1) 53%|#0b3d5c 96%\u00bb width_tablet=\u00bb\u00bb width_phone=\u00bb\u00bb width_last_edited=\u00bbon|phone\u00bb max_width_last_edited=\u00bboff|phone\u00bb min_height_tablet=\u00bb\u00bb min_height_phone=\u00bb\u00bb min_height_last_edited=\u00bbon|phone\u00bb height_tablet=\u00bb\u00bb height_phone=\u00bb\u00bb height_last_edited=\u00bbon|phone\u00bb custom_padding=\u00bb0px|||||\u00bb btn_fonts_font_size_tablet=\u00bb20px\u00bb btn_fonts_font_size_phone=\u00bb17px\u00bb btn_fonts_font_size_last_edited=\u00bbon|phone\u00bb module_alignment_tablet=\u00bb\u00bb module_alignment_phone=\u00bbcenter\u00bb module_alignment_last_edited=\u00bbon|phone\u00bb border_radii_btn_border=\u00bbon|9px|9px|9px|9px\u00bb border_width_all_btn_border=\u00bb2px\u00bb global_colors_info=\u00bb{}\u00bb transform_styles__hover_enabled=\u00bbon|hover\u00bb transform_scale__hover_enabled=\u00bbon|hover\u00bb transform_translate__hover_enabled=\u00bbon|desktop\u00bb transform_rotate__hover_enabled=\u00bbon|desktop\u00bb transform_skew__hover_enabled=\u00bbon|desktop\u00bb transform_origin__hover_enabled=\u00bbon|desktop\u00bb transform_scale__hover=\u00bb101%|101%\u00bb][\/dnxte_button][\/et_pb_column][\/et_pb_row][\/et_pb_section]<\/p>\n","protected":false},"excerpt":{"rendered":"<p><div class=\"et_pb_with_border et_pb_module dnxte_minimal_image_hover dnxte_minimal_image_hover_0\">\n\t\t\t\t\n\t\t\t\t\n\t\t\t\t\n\t\t\t\t\n\t\t\t\t\n\t\t\t\t\n\t\t\t\t<div class=\"et_pb_module_inner\">\n\t\t\t\t\t<div class=\"dnext-neip-mih-hover-effect dnext-neip-mih-effect9\">\n\t\t\t\t<figure><img loading=\"lazy\" decoding=\"async\" width=\"573\" height=\"270\" src=\"https:\/\/proyectosotonorte.com\/wp-content\/uploads\/Social-agreement.webp\" alt=\"\" title=\"\" srcset=\"https:\/\/proyectosotonorte.com\/wp-content\/uploads\/Social-agreement.webp 573w, https:\/\/proyectosotonorte.com\/wp-content\/uploads\/Social-agreement-480x226.webp 480w\" sizes=\"(min-width: 0px) and (max-width: 480px) 480px, (min-width: 481px) 573px, 100vw\" class=\"wp-image-987514073 img-fluid\" \/><\/figure>\n\t\t\t<\/div>\n\t\t\t\t<\/div>\n\t\t\t<\/div><div class=\"et_pb_module dnxte_button dnxte_button_0\">\n\t\t\t\t\n\t\t\t\t\n\t\t\t\t\n\t\t\t\t\n\t\t\t\t\n\t\t\t\t\n\t\t\t\t<div class=\"et_pb_module_inner\">\n\t\t\t\t\t<div class=\"dnxt-button-wrapper dnxt_button_alignment_\u00bbcenter\u00bb\">\n\t\t\t\t<a class=\"dnxt-btn-icon  \u00bbdnxt-hover-shutter-in-vertical\u00bb\" href=\"http:\/\/\u00bb\u00bb\" target=\"_self\">\u00bbCalifornia\u00bb<i class=\"\">$<\/i><\/a>\n\t\t\t<\/div>\n\t\t\t\t<\/div>\n\t\t\t<\/div><\/p>","protected":false},"author":1,"featured_media":0,"parent":253593,"menu_order":0,"comment_status":"closed","ping_status":"closed","template":"","meta":{"_et_pb_use_builder":"on","_et_pb_old_content":"","_et_gb_content_width":"","footnotes":""},"class_list":["post-253615","page","type-page","status-publish","hentry"],"yoast_head":"<!-- This site is optimized with the Yoast SEO plugin v27.5 - https:\/\/yoast.com\/product\/yoast-seo-wordpress\/ -->\n<title>Acuerdos Sociales | Proyecto Soto Norte<\/title>\n<meta name=\"description\" content=\"En el proyecto soto norte trabajamos con la comunidad en acuerdos sociales que nos permitan avanzar como regi\u00f3n.\" \/>\n<meta name=\"robots\" content=\"index, follow, max-snippet:-1, max-image-preview:large, max-video-preview:-1\" \/>\n<link rel=\"canonical\" href=\"https:\/\/proyectosotonorte.com\/en\/sala-de-prensa\/galeria\/acuerdos-sociales\/\" \/>\n<meta property=\"og:locale\" content=\"en_US\" \/>\n<meta property=\"og:type\" content=\"article\" \/>\n<meta property=\"og:title\" content=\"Acuerdos Sociales | Proyecto Soto Norte\" \/>\n<meta property=\"og:description\" content=\"En el proyecto soto norte trabajamos con la comunidad en acuerdos sociales que nos permitan avanzar como regi\u00f3n.\" \/>\n<meta property=\"og:url\" content=\"https:\/\/proyectosotonorte.com\/en\/sala-de-prensa\/galeria\/acuerdos-sociales\/\" \/>\n<meta property=\"og:site_name\" content=\"Proyecto Soto Norte\" \/>\n<meta property=\"article:publisher\" content=\"https:\/\/www.facebook.com\/ProSotoNorte\/\" \/>\n<meta property=\"article:modified_time\" content=\"2024-09-11T23:38:58+00:00\" \/>\n<meta property=\"og:image\" content=\"https:\/\/proyectosotonorte.com\/wp-content\/uploads\/logo-pequeno-PSN.webp\" \/>\n\t<meta property=\"og:image:width\" content=\"512\" \/>\n\t<meta property=\"og:image:height\" content=\"512\" \/>\n\t<meta property=\"og:image:type\" content=\"image\/webp\" \/>\n<meta name=\"twitter:card\" content=\"summary_large_image\" \/>\n<meta name=\"twitter:site\" content=\"@ProSotoNorte\" \/>\n<meta name=\"twitter:label1\" content=\"Est. reading time\" \/>\n\t<meta name=\"twitter:data1\" content=\"4 minutes\" \/>\n<script type=\"application\/ld+json\" class=\"yoast-schema-graph\">{\"@context\":\"https:\\\/\\\/schema.org\",\"@graph\":[{\"@type\":\"WebPage\",\"@id\":\"https:\\\/\\\/proyectosotonorte.com\\\/sala-de-prensa\\\/galeria\\\/acuerdos-sociales\\\/\",\"url\":\"https:\\\/\\\/proyectosotonorte.com\\\/sala-de-prensa\\\/galeria\\\/acuerdos-sociales\\\/\",\"name\":\"Acuerdos Sociales | Proyecto Soto Norte\",\"isPartOf\":{\"@id\":\"https:\\\/\\\/proyectosotonorte.com\\\/#website\"},\"datePublished\":\"2023-08-02T21:11:42+00:00\",\"dateModified\":\"2024-09-11T23:38:58+00:00\",\"description\":\"En el proyecto soto norte trabajamos con la comunidad en acuerdos sociales que nos permitan avanzar como regi\u00f3n.\",\"breadcrumb\":{\"@id\":\"https:\\\/\\\/proyectosotonorte.com\\\/sala-de-prensa\\\/galeria\\\/acuerdos-sociales\\\/#breadcrumb\"},\"inLanguage\":\"en-US\",\"potentialAction\":[{\"@type\":\"ReadAction\",\"target\":[\"https:\\\/\\\/proyectosotonorte.com\\\/sala-de-prensa\\\/galeria\\\/acuerdos-sociales\\\/\"]}]},{\"@type\":\"BreadcrumbList\",\"@id\":\"https:\\\/\\\/proyectosotonorte.com\\\/sala-de-prensa\\\/galeria\\\/acuerdos-sociales\\\/#breadcrumb\",\"itemListElement\":[{\"@type\":\"ListItem\",\"position\":1,\"name\":\"Portada\",\"item\":\"https:\\\/\\\/proyectosotonorte.com\\\/\"},{\"@type\":\"ListItem\",\"position\":2,\"name\":\"Sala de prensa\",\"item\":\"https:\\\/\\\/proyectosotonorte.com\\\/sala-de-prensa\\\/\"},{\"@type\":\"ListItem\",\"position\":3,\"name\":\"Galer\u00eda\",\"item\":\"https:\\\/\\\/proyectosotonorte.com\\\/sala-de-prensa\\\/galeria\\\/\"},{\"@type\":\"ListItem\",\"position\":4,\"name\":\"Acuerdos Sociales\"}]},{\"@type\":\"WebSite\",\"@id\":\"https:\\\/\\\/proyectosotonorte.com\\\/#website\",\"url\":\"https:\\\/\\\/proyectosotonorte.com\\\/\",\"name\":\"Proyecto Soto Norte\",\"description\":\"El Proyecto Soto Norte es una apuesta hist\u00f3rica en Santander para hacer miner\u00eda para la vida, concebida a partir de la sostenibilidad social que tiene a la conservaci\u00f3n del agua como principio rector, garantiza el desarrollo anticipado de la regi\u00f3n y preserva e impulsa el orgullo del territorio.\",\"publisher\":{\"@id\":\"https:\\\/\\\/proyectosotonorte.com\\\/#organization\"},\"potentialAction\":[{\"@type\":\"SearchAction\",\"target\":{\"@type\":\"EntryPoint\",\"urlTemplate\":\"https:\\\/\\\/proyectosotonorte.com\\\/?s={search_term_string}\"},\"query-input\":{\"@type\":\"PropertyValueSpecification\",\"valueRequired\":true,\"valueName\":\"search_term_string\"}}],\"inLanguage\":\"en-US\"},{\"@type\":\"Organization\",\"@id\":\"https:\\\/\\\/proyectosotonorte.com\\\/#organization\",\"name\":\"Proyecto Soto Norte\",\"alternateName\":\"El Proyecto Soto Norte es una apuesta hist\u00f3rica en Santander para hacer miner\u00eda para la vida, concebida a partir de la sostenibilidad social que tiene a la conservaci\u00f3n del agua como principio rector, garantiza el desarrollo anticipado de la regi\u00f3n y preserva e impulsa el orgullo del territorio.\",\"url\":\"https:\\\/\\\/proyectosotonorte.com\\\/\",\"logo\":{\"@type\":\"ImageObject\",\"inLanguage\":\"en-US\",\"@id\":\"https:\\\/\\\/proyectosotonorte.com\\\/#\\\/schema\\\/logo\\\/image\\\/\",\"url\":\"https:\\\/\\\/proyectosotonorte.com\\\/wp-content\\\/uploads\\\/cropped-logo-pequeno-PSN.webp\",\"contentUrl\":\"https:\\\/\\\/proyectosotonorte.com\\\/wp-content\\\/uploads\\\/cropped-logo-pequeno-PSN.webp\",\"width\":512,\"height\":512,\"caption\":\"Proyecto Soto Norte\"},\"image\":{\"@id\":\"https:\\\/\\\/proyectosotonorte.com\\\/#\\\/schema\\\/logo\\\/image\\\/\"},\"sameAs\":[\"https:\\\/\\\/www.facebook.com\\\/ProSotoNorte\\\/\",\"https:\\\/\\\/x.com\\\/ProSotoNorte\",\"https:\\\/\\\/www.instagram.com\\\/prosotonorte\\\/\"]}]}<\/script>\n<!-- \/ Yoast SEO plugin. -->","yoast_head_json":{"title":"Acuerdos Sociales | Proyecto Soto Norte","description":"En el proyecto soto norte trabajamos con la comunidad en acuerdos sociales que nos permitan avanzar como regi\u00f3n.","robots":{"index":"index","follow":"follow","max-snippet":"max-snippet:-1","max-image-preview":"max-image-preview:large","max-video-preview":"max-video-preview:-1"},"canonical":"https:\/\/proyectosotonorte.com\/en\/sala-de-prensa\/galeria\/acuerdos-sociales\/","og_locale":"en_US","og_type":"article","og_title":"Acuerdos Sociales | Proyecto Soto Norte","og_description":"En el proyecto soto norte trabajamos con la comunidad en acuerdos sociales que nos permitan avanzar como regi\u00f3n.","og_url":"https:\/\/proyectosotonorte.com\/en\/sala-de-prensa\/galeria\/acuerdos-sociales\/","og_site_name":"Proyecto Soto Norte","article_publisher":"https:\/\/www.facebook.com\/ProSotoNorte\/","article_modified_time":"2024-09-11T23:38:58+00:00","og_image":[{"width":512,"height":512,"url":"https:\/\/proyectosotonorte.com\/wp-content\/uploads\/logo-pequeno-PSN.webp","type":"image\/webp"}],"twitter_card":"summary_large_image","twitter_site":"@ProSotoNorte","twitter_misc":{"Est. reading time":"4 minutes"},"schema":{"@context":"https:\/\/schema.org","@graph":[{"@type":"WebPage","@id":"https:\/\/proyectosotonorte.com\/sala-de-prensa\/galeria\/acuerdos-sociales\/","url":"https:\/\/proyectosotonorte.com\/sala-de-prensa\/galeria\/acuerdos-sociales\/","name":"Acuerdos Sociales | Proyecto Soto Norte","isPartOf":{"@id":"https:\/\/proyectosotonorte.com\/#website"},"datePublished":"2023-08-02T21:11:42+00:00","dateModified":"2024-09-11T23:38:58+00:00","description":"En el proyecto soto norte trabajamos con la comunidad en acuerdos sociales que nos permitan avanzar como regi\u00f3n.","breadcrumb":{"@id":"https:\/\/proyectosotonorte.com\/sala-de-prensa\/galeria\/acuerdos-sociales\/#breadcrumb"},"inLanguage":"en-US","potentialAction":[{"@type":"ReadAction","target":["https:\/\/proyectosotonorte.com\/sala-de-prensa\/galeria\/acuerdos-sociales\/"]}]},{"@type":"BreadcrumbList","@id":"https:\/\/proyectosotonorte.com\/sala-de-prensa\/galeria\/acuerdos-sociales\/#breadcrumb","itemListElement":[{"@type":"ListItem","position":1,"name":"Portada","item":"https:\/\/proyectosotonorte.com\/"},{"@type":"ListItem","position":2,"name":"Sala de prensa","item":"https:\/\/proyectosotonorte.com\/sala-de-prensa\/"},{"@type":"ListItem","position":3,"name":"Galer\u00eda","item":"https:\/\/proyectosotonorte.com\/sala-de-prensa\/galeria\/"},{"@type":"ListItem","position":4,"name":"Acuerdos Sociales"}]},{"@type":"WebSite","@id":"https:\/\/proyectosotonorte.com\/#website","url":"https:\/\/proyectosotonorte.com\/","name":"Proyecto Soto Norte","description":"The Soto Norte Project (PSN for its acronym in Spanish) is a historic commitment in Santander to make mining for life, conceived from the social sustainability that has water conservation as a guiding principle, guarantees the anticipated development of the region and preserves and promotes the pride of the territory.","publisher":{"@id":"https:\/\/proyectosotonorte.com\/#organization"},"potentialAction":[{"@type":"SearchAction","target":{"@type":"EntryPoint","urlTemplate":"https:\/\/proyectosotonorte.com\/?s={search_term_string}"},"query-input":{"@type":"PropertyValueSpecification","valueRequired":true,"valueName":"search_term_string"}}],"inLanguage":"en-US"},{"@type":"Organization","@id":"https:\/\/proyectosotonorte.com\/#organization","name":"Proyecto Soto Norte","alternateName":"El Proyecto Soto Norte es una apuesta hist\u00f3rica en Santander para hacer miner\u00eda para la vida, concebida a partir de la sostenibilidad social que tiene a la conservaci\u00f3n del agua como principio rector, garantiza el desarrollo anticipado de la regi\u00f3n y preserva e impulsa el orgullo del territorio.","url":"https:\/\/proyectosotonorte.com\/","logo":{"@type":"ImageObject","inLanguage":"en-US","@id":"https:\/\/proyectosotonorte.com\/#\/schema\/logo\/image\/","url":"https:\/\/proyectosotonorte.com\/wp-content\/uploads\/cropped-logo-pequeno-PSN.webp","contentUrl":"https:\/\/proyectosotonorte.com\/wp-content\/uploads\/cropped-logo-pequeno-PSN.webp","width":512,"height":512,"caption":"Proyecto Soto Norte"},"image":{"@id":"https:\/\/proyectosotonorte.com\/#\/schema\/logo\/image\/"},"sameAs":["https:\/\/www.facebook.com\/ProSotoNorte\/","https:\/\/x.com\/ProSotoNorte","https:\/\/www.instagram.com\/prosotonorte\/"]}]}},"_links":{"self":[{"href":"https:\/\/proyectosotonorte.com\/en\/wp-json\/wp\/v2\/pages\/253615","targetHints":{"allow":["GET"]}}],"collection":[{"href":"https:\/\/proyectosotonorte.com\/en\/wp-json\/wp\/v2\/pages"}],"about":[{"href":"https:\/\/proyectosotonorte.com\/en\/wp-json\/wp\/v2\/types\/page"}],"author":[{"embeddable":true,"href":"https:\/\/proyectosotonorte.com\/en\/wp-json\/wp\/v2\/users\/1"}],"replies":[{"embeddable":true,"href":"https:\/\/proyectosotonorte.com\/en\/wp-json\/wp\/v2\/comments?post=253615"}],"version-history":[{"count":3,"href":"https:\/\/proyectosotonorte.com\/en\/wp-json\/wp\/v2\/pages\/253615\/revisions"}],"predecessor-version":[{"id":987516104,"href":"https:\/\/proyectosotonorte.com\/en\/wp-json\/wp\/v2\/pages\/253615\/revisions\/987516104"}],"up":[{"embeddable":true,"href":"https:\/\/proyectosotonorte.com\/en\/wp-json\/wp\/v2\/pages\/253593"}],"wp:attachment":[{"href":"https:\/\/proyectosotonorte.com\/en\/wp-json\/wp\/v2\/media?parent=253615"}],"curies":[{"name":"wp","href":"https:\/\/api.w.org\/{rel}","templated":true}]}}