{"id":253759,"date":"2023-08-02T20:08:58","date_gmt":"2023-08-03T01:08:58","guid":{"rendered":"https:\/\/proyectosotonorte.com\/?page_id=253759"},"modified":"2025-01-10T21:20:23","modified_gmt":"2025-01-11T02:20:23","slug":"contacto","status":"publish","type":"page","link":"https:\/\/proyectosotonorte.com\/en\/contacto\/","title":{"rendered":"Contacto"},"content":{"rendered":"<p>[et_pb_section fb_built=\u00bb1&#8243; _builder_version=\u00bb4.20.4&#8243; _module_preset=\u00bbdefault\u00bb global_colors_info=\u00bb{}\u00bb][et_pb_row column_structure=\u00bb1_2,1_2&#8243; _builder_version=\u00bb4.20.4&#8243; _module_preset=\u00bbdefault\u00bb global_colors_info=\u00bb{}\u00bb][et_pb_column type=\u00bb1_2&#8243; admin_label=\u00bbRedes \u00bb _builder_version=\u00bb4.20.4&#8243; _module_preset=\u00bbdefault\u00bb global_colors_info=\u00bb{}\u00bb][et_pb_image src=\u00bbhttps:\/\/proyectosotonorte.com\/wp-content\/uploads\/2023\/08\/fb-1.jpg\u00bb title_text=\u00bbfb\u00bb url=\u00bbhttps:\/\/www.facebook.com\/ProSotoNorte\/\u00bb url_new_window=\u00bbon\u00bb admin_label=\u00bbFacebook\u00bb _builder_version=\u00bb4.23.4&#8243; _module_preset=\u00bbdefault\u00bb transform_scale_tablet=\u00bb\u00bb transform_scale_phone=\u00bb\u00bb transform_scale_last_edited=\u00bbon|desktop\u00bb transform_translate_tablet=\u00bb-31px|-31px\u00bb transform_translate_phone=\u00bb0px|0px\u00bb transform_translate_last_edited=\u00bbon|tablet\u00bb transform_translate_linked__hover=\u00bboff\u00bb transform_rotate_tablet=\u00bb\u00bb transform_rotate_phone=\u00bb\u00bb transform_rotate_last_edited=\u00bbon|desktop\u00bb transform_skew_tablet=\u00bb\u00bb transform_skew_phone=\u00bb\u00bb transform_skew_last_edited=\u00bbon|desktop\u00bb transform_origin_tablet=\u00bb\u00bb transform_origin_phone=\u00bb\u00bb transform_origin_last_edited=\u00bbon|desktop\u00bb transform_styles_last_edited=\u00bbon|tablet\u00bb animation_style=\u00bbfade\u00bb transform_styles_tablet=\u00bb\u00bb transform_styles_phone=\u00bb\u00bb border_width_bottom=\u00bb1px\u00bb border_color_bottom=\u00bb#0b3d5c\u00bb box_shadow_style=\u00bbpreset3&#8243; box_shadow_vertical=\u00bb3px\u00bb box_shadow_blur=\u00bb12px\u00bb box_shadow_color=\u00bb#0b3e5d\u00bb global_colors_info=\u00bb{}\u00bb transform_styles__hover_enabled=\u00bbon|desktop\u00bb transform_scale__hover_enabled=\u00bbon|hover\u00bb transform_translate__hover_enabled=\u00bbon|desktop\u00bb transform_rotate__hover_enabled=\u00bbon|desktop\u00bb transform_skew__hover_enabled=\u00bbon|desktop\u00bb transform_origin__hover_enabled=\u00bbon|desktop\u00bb transform_translate__hover=\u00bb5px|0px\u00bb][\/et_pb_image][et_pb_image src=\u00bbhttps:\/\/proyectosotonorte.com\/wp-content\/uploads\/2023\/08\/ig-1.jpg\u00bb title_text=\u00bbig\u00bb url=\u00bbhttps:\/\/www.instagram.com\/prosotonorte\/\u00bb url_new_window=\u00bbon\u00bb admin_label=\u00bbIg\u00bb _builder_version=\u00bb4.23.4&#8243; _module_preset=\u00bbdefault\u00bb transform_scale_tablet=\u00bb\u00bb transform_scale_phone=\u00bb\u00bb transform_scale_last_edited=\u00bbon|desktop\u00bb transform_translate_tablet=\u00bb-31px|-31px\u00bb transform_translate_phone=\u00bb0px|0px\u00bb transform_translate_last_edited=\u00bbon|phone\u00bb transform_translate_linked__hover=\u00bboff\u00bb transform_rotate_tablet=\u00bb\u00bb transform_rotate_phone=\u00bb\u00bb transform_rotate_last_edited=\u00bbon|desktop\u00bb transform_skew_tablet=\u00bb\u00bb transform_skew_phone=\u00bb\u00bb transform_skew_last_edited=\u00bbon|desktop\u00bb transform_origin_tablet=\u00bb\u00bb transform_origin_phone=\u00bb\u00bb transform_origin_last_edited=\u00bbon|desktop\u00bb transform_styles_last_edited=\u00bbon|phone\u00bb animation_style=\u00bbfade\u00bb transform_styles_tablet=\u00bb\u00bb transform_styles_phone=\u00bb\u00bb border_width_bottom=\u00bb1px\u00bb border_color_bottom=\u00bb#0b3d5c\u00bb box_shadow_style=\u00bbpreset3&#8243; box_shadow_vertical=\u00bb3px\u00bb box_shadow_blur=\u00bb12px\u00bb box_shadow_color=\u00bb#0b3e5d\u00bb global_colors_info=\u00bb{}\u00bb transform_styles__hover_enabled=\u00bbon|desktop\u00bb transform_scale__hover_enabled=\u00bbon|desktop\u00bb transform_translate__hover_enabled=\u00bbon|desktop\u00bb transform_rotate__hover_enabled=\u00bbon|desktop\u00bb transform_skew__hover_enabled=\u00bbon|desktop\u00bb transform_origin__hover_enabled=\u00bbon|desktop\u00bb transform_translate__hover=\u00bb5px|0px\u00bb][\/et_pb_image][et_pb_image src=\u00bbhttps:\/\/proyectosotonorte.com\/wp-content\/uploads\/2023\/08\/tw-2.jpg\u00bb title_text=\u00bbtw\u00bb url=\u00bbhttps:\/\/twitter.com\/ProSotoNorte\u00bb url_new_window=\u00bbon\u00bb admin_label=\u00bbtwitter\u00bb _builder_version=\u00bb4.23.4&#8243; _module_preset=\u00bbdefault\u00bb transform_scale_tablet=\u00bb\u00bb transform_scale_phone=\u00bb\u00bb transform_scale_last_edited=\u00bbon|desktop\u00bb transform_translate_tablet=\u00bb-31px|-31px\u00bb transform_translate_phone=\u00bb0px|0px\u00bb transform_translate_last_edited=\u00bbon|desktop\u00bb transform_translate_linked__hover=\u00bboff\u00bb transform_rotate_tablet=\u00bb\u00bb transform_rotate_phone=\u00bb\u00bb transform_rotate_last_edited=\u00bbon|desktop\u00bb transform_skew_tablet=\u00bb\u00bb transform_skew_phone=\u00bb\u00bb transform_skew_last_edited=\u00bbon|desktop\u00bb transform_origin_tablet=\u00bb\u00bb transform_origin_phone=\u00bb\u00bb transform_origin_last_edited=\u00bbon|desktop\u00bb transform_styles_last_edited=\u00bbon|desktop\u00bb animation_style=\u00bbfade\u00bb transform_styles_tablet=\u00bb\u00bb transform_styles_phone=\u00bb\u00bb border_width_bottom=\u00bb1px\u00bb border_color_bottom=\u00bb#0b3d5c\u00bb box_shadow_style=\u00bbpreset3&#8243; box_shadow_vertical=\u00bb3px\u00bb box_shadow_blur=\u00bb10px\u00bb box_shadow_color=\u00bb#0b3e5d\u00bb global_colors_info=\u00bb{}\u00bb transform_styles__hover_enabled=\u00bbon|hover\u00bb transform_scale__hover_enabled=\u00bbon|desktop\u00bb transform_translate__hover_enabled=\u00bbon|hover\u00bb transform_rotate__hover_enabled=\u00bbon|desktop\u00bb transform_skew__hover_enabled=\u00bbon|desktop\u00bb transform_origin__hover_enabled=\u00bbon|desktop\u00bb transform_translate__hover=\u00bb5px|0px\u00bb][\/et_pb_image][et_pb_image src=\u00bbhttps:\/\/proyectosotonorte.com\/wp-content\/uploads\/2023\/08\/yt-1.jpg\u00bb title_text=\u00bbyt\u00bb url=\u00bbhttps:\/\/www.youtube.com\/@ProSotoNorte\u00bb url_new_window=\u00bbon\u00bb admin_label=\u00bbYoutube\u00bb _builder_version=\u00bb4.23.4&#8243; _module_preset=\u00bbdefault\u00bb transform_scale_tablet=\u00bb\u00bb transform_scale_phone=\u00bb\u00bb transform_scale_last_edited=\u00bbon|desktop\u00bb transform_translate_tablet=\u00bb-31px|-31px\u00bb transform_translate_phone=\u00bb0px|0px\u00bb transform_translate_last_edited=\u00bbon|desktop\u00bb transform_translate_linked__hover=\u00bboff\u00bb transform_rotate_tablet=\u00bb\u00bb transform_rotate_phone=\u00bb\u00bb transform_rotate_last_edited=\u00bbon|desktop\u00bb transform_skew_tablet=\u00bb\u00bb transform_skew_phone=\u00bb\u00bb transform_skew_last_edited=\u00bbon|desktop\u00bb transform_origin_tablet=\u00bb\u00bb transform_origin_phone=\u00bb\u00bb transform_origin_last_edited=\u00bbon|desktop\u00bb transform_styles_last_edited=\u00bbon|desktop\u00bb animation_style=\u00bbfade\u00bb transform_styles_tablet=\u00bb\u00bb transform_styles_phone=\u00bb\u00bb border_width_bottom=\u00bb1px\u00bb border_color_bottom=\u00bb#0b3d5c\u00bb box_shadow_style=\u00bbpreset3&#8243; box_shadow_vertical=\u00bb3px\u00bb box_shadow_blur=\u00bb10px\u00bb box_shadow_color=\u00bb#0b3e5d\u00bb global_colors_info=\u00bb{}\u00bb transform_styles__hover_enabled=\u00bbon|hover\u00bb transform_scale__hover_enabled=\u00bbon|hover\u00bb transform_translate__hover_enabled=\u00bbon|hover\u00bb transform_rotate__hover_enabled=\u00bbon|hover\u00bb transform_skew__hover_enabled=\u00bbon|hover\u00bb transform_origin__hover_enabled=\u00bbon|hover\u00bb transform_translate__hover=\u00bb5px|0px\u00bb][\/et_pb_image][et_pb_image src=\u00bbhttps:\/\/proyectosotonorte.com\/wp-content\/uploads\/tiktok-contacto.webp\u00bb title_text=\u00bbtiktok-contacto\u00bb url=\u00bbhttps:\/\/www.tiktok.com\/@prosotonorte?_t=8pac4CTzGQI&#038;_r=1&#8243; url_new_window=\u00bbon\u00bb admin_label=\u00bbYoutube\u00bb _builder_version=\u00bb4.27.0&#8243; _module_preset=\u00bbdefault\u00bb transform_scale_tablet=\u00bb\u00bb transform_scale_phone=\u00bb\u00bb transform_scale_last_edited=\u00bbon|desktop\u00bb transform_translate_tablet=\u00bb-31px|-31px\u00bb transform_translate_phone=\u00bb0px|0px\u00bb transform_translate_last_edited=\u00bbon|desktop\u00bb transform_translate_linked__hover=\u00bboff\u00bb transform_rotate_tablet=\u00bb\u00bb transform_rotate_phone=\u00bb\u00bb transform_rotate_last_edited=\u00bbon|desktop\u00bb transform_skew_tablet=\u00bb\u00bb transform_skew_phone=\u00bb\u00bb transform_skew_last_edited=\u00bbon|desktop\u00bb transform_origin_tablet=\u00bb\u00bb transform_origin_phone=\u00bb\u00bb transform_origin_last_edited=\u00bbon|desktop\u00bb transform_styles_last_edited=\u00bbon|desktop\u00bb animation_style=\u00bbfade\u00bb transform_styles_tablet=\u00bb\u00bb transform_styles_phone=\u00bb\u00bb border_width_bottom=\u00bb1px\u00bb border_color_bottom=\u00bb#0b3d5c\u00bb box_shadow_style=\u00bbpreset3&#8243; box_shadow_vertical=\u00bb3px\u00bb box_shadow_blur=\u00bb10px\u00bb box_shadow_color=\u00bb#0b3e5d\u00bb global_colors_info=\u00bb{}\u00bb transform_styles__hover_enabled=\u00bbon|hover\u00bb transform_scale__hover_enabled=\u00bbon|hover\u00bb transform_translate__hover_enabled=\u00bbon|hover\u00bb transform_rotate__hover_enabled=\u00bbon|hover\u00bb transform_skew__hover_enabled=\u00bbon|hover\u00bb transform_origin__hover_enabled=\u00bbon|hover\u00bb transform_translate__hover=\u00bb5px|0px\u00bb][\/et_pb_image][\/et_pb_column][et_pb_column type=\u00bb1_2&#8243; _builder_version=\u00bb4.20.4&#8243; _module_preset=\u00bbdefault\u00bb global_colors_info=\u00bb{}\u00bb][et_pb_text _builder_version=\u00bb4.23.4&#8243; _module_preset=\u00bbdefault\u00bb text_text_color=\u00bb#FFFFFF\u00bb text_font_size=\u00bb23px\u00bb text_line_height=\u00bb1.3em\u00bb background_color=\u00bb#0b3e5d\u00bb width=\u00bb100%\u00bb max_width=\u00bb200%\u00bb module_alignment=\u00bbcenter\u00bb min_height=\u00bb192px\u00bb height=\u00bb359px\u00bb height_last_edited=\u00bboff|desktop\u00bb custom_margin=\u00bb||0px||false|false\u00bb custom_padding=\u00bb50px|25px|50px|25px|true|true\u00bb text_font_size_tablet=\u00bb20px\u00bb text_font_size_phone=\u00bb18px\u00bb text_font_size_last_edited=\u00bbon|tablet\u00bb border_radii=\u00bbon|19px|19px|19px|19px\u00bb box_shadow_style=\u00bbpreset1&#8243; global_colors_info=\u00bb{}\u00bb]<\/p>\n<p><strong>Tel\u00e9fono<\/strong><br \/>6076971200<\/p>\n<p><strong>Direcci\u00f3n<\/strong><br \/>Transversal Oriental N\u00b090-102<br \/>Torre Empresarial Cacique Piso 11<br \/>Cod.postal: 680003<br \/>Bucaramanga, Santander (Colombia)<\/p>\n<p>[\/et_pb_text][\/et_pb_column][\/et_pb_row][\/et_pb_section]<\/p>\n","protected":false},"excerpt":{"rendered":"<p>Tel\u00e9fono6076971200 Direcci\u00f3nTransversal Oriental N\u00b090-102Torre Empresarial Cacique Piso 11Cod.postal: 680003Bucaramanga, Santander (Colombia)<\/p>","protected":false},"author":2,"featured_media":0,"parent":0,"menu_order":0,"comment_status":"closed","ping_status":"closed","template":"","meta":{"_et_pb_use_builder":"on","_et_pb_old_content":"","_et_gb_content_width":"","footnotes":""},"class_list":["post-253759","page","type-page","status-publish","hentry"],"yoast_head":"<!-- This site is optimized with the Yoast SEO plugin v27.4 - https:\/\/yoast.com\/product\/yoast-seo-wordpress\/ -->\n<title>Contacto | Proyecto Soto Norte<\/title>\n<meta name=\"description\" content=\"Ponte en contacto con el proyecto soto norte a trav\u00e9s de nuestras redes sociales o en el n\u00famero de contacto.\" \/>\n<meta name=\"robots\" content=\"index, follow, max-snippet:-1, max-image-preview:large, max-video-preview:-1\" \/>\n<link rel=\"canonical\" href=\"https:\/\/proyectosotonorte.com\/en\/contacto\/\" \/>\n<meta property=\"og:locale\" content=\"en_US\" \/>\n<meta property=\"og:type\" content=\"article\" \/>\n<meta property=\"og:title\" content=\"Contacto | Proyecto Soto Norte\" \/>\n<meta property=\"og:description\" content=\"Ponte en contacto con el proyecto soto norte a trav\u00e9s de nuestras redes sociales o en el n\u00famero de contacto.\" \/>\n<meta property=\"og:url\" content=\"https:\/\/proyectosotonorte.com\/en\/contacto\/\" \/>\n<meta property=\"og:site_name\" content=\"Proyecto Soto Norte\" \/>\n<meta property=\"article:publisher\" content=\"https:\/\/www.facebook.com\/ProSotoNorte\/\" \/>\n<meta property=\"article:modified_time\" content=\"2025-01-11T02:20:23+00:00\" \/>\n<meta property=\"og:image\" content=\"https:\/\/proyectosotonorte.com\/wp-content\/uploads\/logo-pequeno-PSN.webp\" \/>\n\t<meta property=\"og:image:width\" content=\"512\" \/>\n\t<meta property=\"og:image:height\" content=\"512\" \/>\n\t<meta property=\"og:image:type\" content=\"image\/webp\" \/>\n<meta name=\"twitter:card\" content=\"summary_large_image\" \/>\n<meta name=\"twitter:site\" content=\"@ProSotoNorte\" \/>\n<meta name=\"twitter:label1\" content=\"Est. reading time\" \/>\n\t<meta name=\"twitter:data1\" content=\"2 minutes\" \/>\n<script type=\"application\/ld+json\" class=\"yoast-schema-graph\">{\"@context\":\"https:\\\/\\\/schema.org\",\"@graph\":[{\"@type\":\"WebPage\",\"@id\":\"https:\\\/\\\/proyectosotonorte.com\\\/contacto\\\/\",\"url\":\"https:\\\/\\\/proyectosotonorte.com\\\/contacto\\\/\",\"name\":\"Contacto | Proyecto Soto Norte\",\"isPartOf\":{\"@id\":\"https:\\\/\\\/proyectosotonorte.com\\\/#website\"},\"datePublished\":\"2023-08-03T01:08:58+00:00\",\"dateModified\":\"2025-01-11T02:20:23+00:00\",\"description\":\"Ponte en contacto con el proyecto soto norte a trav\u00e9s de nuestras redes sociales o en el n\u00famero de contacto.\",\"breadcrumb\":{\"@id\":\"https:\\\/\\\/proyectosotonorte.com\\\/contacto\\\/#breadcrumb\"},\"inLanguage\":\"en-US\",\"potentialAction\":[{\"@type\":\"ReadAction\",\"target\":[\"https:\\\/\\\/proyectosotonorte.com\\\/contacto\\\/\"]}]},{\"@type\":\"BreadcrumbList\",\"@id\":\"https:\\\/\\\/proyectosotonorte.com\\\/contacto\\\/#breadcrumb\",\"itemListElement\":[{\"@type\":\"ListItem\",\"position\":1,\"name\":\"Portada\",\"item\":\"https:\\\/\\\/proyectosotonorte.com\\\/\"},{\"@type\":\"ListItem\",\"position\":2,\"name\":\"Contacto\"}]},{\"@type\":\"WebSite\",\"@id\":\"https:\\\/\\\/proyectosotonorte.com\\\/#website\",\"url\":\"https:\\\/\\\/proyectosotonorte.com\\\/\",\"name\":\"Proyecto Soto Norte\",\"description\":\"El Proyecto Soto Norte es una apuesta hist\u00f3rica en Santander para hacer miner\u00eda para la vida, concebida a partir de la sostenibilidad social que tiene a la conservaci\u00f3n del agua como principio rector, garantiza el desarrollo anticipado de la regi\u00f3n y preserva e impulsa el orgullo del territorio.\",\"publisher\":{\"@id\":\"https:\\\/\\\/proyectosotonorte.com\\\/#organization\"},\"potentialAction\":[{\"@type\":\"SearchAction\",\"target\":{\"@type\":\"EntryPoint\",\"urlTemplate\":\"https:\\\/\\\/proyectosotonorte.com\\\/?s={search_term_string}\"},\"query-input\":{\"@type\":\"PropertyValueSpecification\",\"valueRequired\":true,\"valueName\":\"search_term_string\"}}],\"inLanguage\":\"en-US\"},{\"@type\":\"Organization\",\"@id\":\"https:\\\/\\\/proyectosotonorte.com\\\/#organization\",\"name\":\"Proyecto Soto Norte\",\"alternateName\":\"El Proyecto Soto Norte es una apuesta hist\u00f3rica en Santander para hacer miner\u00eda para la vida, concebida a partir de la sostenibilidad social que tiene a la conservaci\u00f3n del agua como principio rector, garantiza el desarrollo anticipado de la regi\u00f3n y preserva e impulsa el orgullo del territorio.\",\"url\":\"https:\\\/\\\/proyectosotonorte.com\\\/\",\"logo\":{\"@type\":\"ImageObject\",\"inLanguage\":\"en-US\",\"@id\":\"https:\\\/\\\/proyectosotonorte.com\\\/#\\\/schema\\\/logo\\\/image\\\/\",\"url\":\"https:\\\/\\\/proyectosotonorte.com\\\/wp-content\\\/uploads\\\/cropped-logo-pequeno-PSN.webp\",\"contentUrl\":\"https:\\\/\\\/proyectosotonorte.com\\\/wp-content\\\/uploads\\\/cropped-logo-pequeno-PSN.webp\",\"width\":512,\"height\":512,\"caption\":\"Proyecto Soto Norte\"},\"image\":{\"@id\":\"https:\\\/\\\/proyectosotonorte.com\\\/#\\\/schema\\\/logo\\\/image\\\/\"},\"sameAs\":[\"https:\\\/\\\/www.facebook.com\\\/ProSotoNorte\\\/\",\"https:\\\/\\\/x.com\\\/ProSotoNorte\",\"https:\\\/\\\/www.instagram.com\\\/prosotonorte\\\/\"]}]}<\/script>\n<!-- \/ Yoast SEO plugin. -->","yoast_head_json":{"title":"Contacto | Proyecto Soto Norte","description":"Ponte en contacto con el proyecto soto norte a trav\u00e9s de nuestras redes sociales o en el n\u00famero de contacto.","robots":{"index":"index","follow":"follow","max-snippet":"max-snippet:-1","max-image-preview":"max-image-preview:large","max-video-preview":"max-video-preview:-1"},"canonical":"https:\/\/proyectosotonorte.com\/en\/contacto\/","og_locale":"en_US","og_type":"article","og_title":"Contacto | Proyecto Soto Norte","og_description":"Ponte en contacto con el proyecto soto norte a trav\u00e9s de nuestras redes sociales o en el n\u00famero de contacto.","og_url":"https:\/\/proyectosotonorte.com\/en\/contacto\/","og_site_name":"Proyecto Soto Norte","article_publisher":"https:\/\/www.facebook.com\/ProSotoNorte\/","article_modified_time":"2025-01-11T02:20:23+00:00","og_image":[{"width":512,"height":512,"url":"https:\/\/proyectosotonorte.com\/wp-content\/uploads\/logo-pequeno-PSN.webp","type":"image\/webp"}],"twitter_card":"summary_large_image","twitter_site":"@ProSotoNorte","twitter_misc":{"Est. reading time":"2 minutes"},"schema":{"@context":"https:\/\/schema.org","@graph":[{"@type":"WebPage","@id":"https:\/\/proyectosotonorte.com\/contacto\/","url":"https:\/\/proyectosotonorte.com\/contacto\/","name":"Contacto | Proyecto Soto Norte","isPartOf":{"@id":"https:\/\/proyectosotonorte.com\/#website"},"datePublished":"2023-08-03T01:08:58+00:00","dateModified":"2025-01-11T02:20:23+00:00","description":"Ponte en contacto con el proyecto soto norte a trav\u00e9s de nuestras redes sociales o en el n\u00famero de contacto.","breadcrumb":{"@id":"https:\/\/proyectosotonorte.com\/contacto\/#breadcrumb"},"inLanguage":"en-US","potentialAction":[{"@type":"ReadAction","target":["https:\/\/proyectosotonorte.com\/contacto\/"]}]},{"@type":"BreadcrumbList","@id":"https:\/\/proyectosotonorte.com\/contacto\/#breadcrumb","itemListElement":[{"@type":"ListItem","position":1,"name":"Portada","item":"https:\/\/proyectosotonorte.com\/"},{"@type":"ListItem","position":2,"name":"Contacto"}]},{"@type":"WebSite","@id":"https:\/\/proyectosotonorte.com\/#website","url":"https:\/\/proyectosotonorte.com\/","name":"Proyecto Soto Norte","description":"The Soto Norte Project (PSN for its acronym in Spanish) is a historic commitment in Santander to make mining for life, conceived from the social sustainability that has water conservation as a guiding principle, guarantees the anticipated development of the region and preserves and promotes the pride of the territory.","publisher":{"@id":"https:\/\/proyectosotonorte.com\/#organization"},"potentialAction":[{"@type":"SearchAction","target":{"@type":"EntryPoint","urlTemplate":"https:\/\/proyectosotonorte.com\/?s={search_term_string}"},"query-input":{"@type":"PropertyValueSpecification","valueRequired":true,"valueName":"search_term_string"}}],"inLanguage":"en-US"},{"@type":"Organization","@id":"https:\/\/proyectosotonorte.com\/#organization","name":"Proyecto Soto Norte","alternateName":"El Proyecto Soto Norte es una apuesta hist\u00f3rica en Santander para hacer miner\u00eda para la vida, concebida a partir de la sostenibilidad social que tiene a la conservaci\u00f3n del agua como principio rector, garantiza el desarrollo anticipado de la regi\u00f3n y preserva e impulsa el orgullo del territorio.","url":"https:\/\/proyectosotonorte.com\/","logo":{"@type":"ImageObject","inLanguage":"en-US","@id":"https:\/\/proyectosotonorte.com\/#\/schema\/logo\/image\/","url":"https:\/\/proyectosotonorte.com\/wp-content\/uploads\/cropped-logo-pequeno-PSN.webp","contentUrl":"https:\/\/proyectosotonorte.com\/wp-content\/uploads\/cropped-logo-pequeno-PSN.webp","width":512,"height":512,"caption":"Proyecto Soto Norte"},"image":{"@id":"https:\/\/proyectosotonorte.com\/#\/schema\/logo\/image\/"},"sameAs":["https:\/\/www.facebook.com\/ProSotoNorte\/","https:\/\/x.com\/ProSotoNorte","https:\/\/www.instagram.com\/prosotonorte\/"]}]}},"_links":{"self":[{"href":"https:\/\/proyectosotonorte.com\/en\/wp-json\/wp\/v2\/pages\/253759","targetHints":{"allow":["GET"]}}],"collection":[{"href":"https:\/\/proyectosotonorte.com\/en\/wp-json\/wp\/v2\/pages"}],"about":[{"href":"https:\/\/proyectosotonorte.com\/en\/wp-json\/wp\/v2\/types\/page"}],"author":[{"embeddable":true,"href":"https:\/\/proyectosotonorte.com\/en\/wp-json\/wp\/v2\/users\/2"}],"replies":[{"embeddable":true,"href":"https:\/\/proyectosotonorte.com\/en\/wp-json\/wp\/v2\/comments?post=253759"}],"version-history":[{"count":6,"href":"https:\/\/proyectosotonorte.com\/en\/wp-json\/wp\/v2\/pages\/253759\/revisions"}],"predecessor-version":[{"id":987516436,"href":"https:\/\/proyectosotonorte.com\/en\/wp-json\/wp\/v2\/pages\/253759\/revisions\/987516436"}],"wp:attachment":[{"href":"https:\/\/proyectosotonorte.com\/en\/wp-json\/wp\/v2\/media?parent=253759"}],"curies":[{"name":"wp","href":"https:\/\/api.w.org\/{rel}","templated":true}]}}