{"id":987512358,"date":"2023-08-16T20:10:03","date_gmt":"2023-08-17T01:10:03","guid":{"rendered":"https:\/\/proyectosotonorte.com\/?page_id=987512358"},"modified":"2025-01-10T21:56:39","modified_gmt":"2025-01-11T02:56:39","slug":"orgullo-minero","status":"publish","type":"page","link":"https:\/\/proyectosotonorte.com\/en\/orgullo-minero\/","title":{"rendered":"Mining Pride"},"content":{"rendered":"<p>[et_pb_section fb_built=\u00bb1&#8243; disabled_on=\u00bboff|off|off\u00bb admin_label=\u00bbCabecera\u00bb _builder_version=\u00bb4.23.1&#8243; _module_preset=\u00bbdefault\u00bb background_image=\u00bbhttps:\/\/proyectosotonorte.com\/wp-content\/uploads\/2023\/09\/fondo-orgullo-minero.webp\u00bb height=\u00bb956px\u00bb height_tablet=\u00bb640px\u00bb height_phone=\u00bb536px\u00bb height_last_edited=\u00bbon|tablet\u00bb global_colors_info=\u00bb{}\u00bb][et_pb_row disabled_on=\u00bbon|on|off\u00bb admin_label=\u00bbt\u00edtulos\u00bb _builder_version=\u00bb4.20.4&#8243; _module_preset=\u00bbdefault\u00bb custom_margin=\u00bb-82px||||false|false\u00bb global_colors_info=\u00bb{}\u00bb][et_pb_column type=\u00bb4_4&#8243; _builder_version=\u00bb4.20.4&#8243; _module_preset=\u00bbdefault\u00bb global_colors_info=\u00bb{}\u00bb][et_pb_image src=\u00bbhttps:\/\/proyectosotonorte.com\/wp-content\/uploads\/2023\/08\/soto-norte-en-blacno.png\u00bb alt=\u00bbProyecto soto norte\u00bb title_text=\u00bbsoto-norte en blacno\u00bb url=\u00bb@ET-DC@eyJkeW5hbWljIjp0cnVlLCJjb250ZW50IjoiaG9tZV91cmwiLCJzZXR0aW5ncyI6e319@\u00bb align=\u00bbcenter\u00bb _builder_version=\u00bb4.27.0&#8243; _dynamic_attributes=\u00bburl\u00bb _module_preset=\u00bbdefault\u00bb width=\u00bb26%\u00bb width_tablet=\u00bb42%\u00bb width_phone=\u00bb64%\u00bb width_last_edited=\u00bbon|desktop\u00bb global_colors_info=\u00bb{}\u00bb][\/et_pb_image][\/et_pb_column][\/et_pb_row][et_pb_row column_structure=\u00bb3_4,1_4&#8243; admin_label=\u00bbmen\u00fa + 6 redes\u00bb _builder_version=\u00bb4.27.0&#8243; _module_preset=\u00bbdefault\u00bb width=\u00bb96%\u00bb max_width=\u00bb1492px\u00bb custom_padding=\u00bb0px|27px||0px|false|false\u00bb global_colors_info=\u00bb{}\u00bb][et_pb_column type=\u00bb3_4&#8243; admin_label=\u00bbMen\u00fa\u00bb _builder_version=\u00bb4.27.0&#8243; _module_preset=\u00bbdefault\u00bb global_colors_info=\u00bb{}\u00bb][et_pb_menu menu_style=\u00bbcentered\u00bb active_link_color=\u00bb#FFFFFF\u00bb logo_url=\u00bb@ET-DC@eyJkeW5hbWljIjp0cnVlLCJjb250ZW50IjoicG9zdF9saW5rX3VybF9wYWdlIiwic2V0dGluZ3MiOnsicG9zdF9pZCI6Ijg2In19@\u00bb disabled_on=\u00bbon|on|off\u00bb _builder_version=\u00bb4.27.0&#8243; _dynamic_attributes=\u00bblogo_url\u00bb _module_preset=\u00bbdefault\u00bb menu_font=\u00bb||||||||\u00bb menu_text_color=\u00bb#FFFFFF\u00bb menu_font_size=\u00bb17px\u00bb background_color=\u00bbRGBA(255,255,255,0)\u00bb module_alignment=\u00bbcenter\u00bb custom_padding=\u00bb17px|||103px|false|false\u00bb border_radii=\u00bbon|25px|25px|25px|25px\u00bb global_colors_info=\u00bb{}\u00bb][\/et_pb_menu][\/et_pb_column][et_pb_column type=\u00bb1_4&#8243; admin_label=\u00bbredes\u00bb _builder_version=\u00bb4.27.0&#8243; _module_preset=\u00bbdefault\u00bb custom_padding=\u00bb0px|0px|0px|0px|false|true\u00bb border_radii=\u00bbon|46px|46px|46px|46px\u00bb border_width_all=\u00bb2px\u00bb border_color_all=\u00bb#FFFFFF\u00bb border_width_all_tablet=\u00bb0px\u00bb border_width_all_phone=\u00bb0px\u00bb border_width_all_last_edited=\u00bbon|phone\u00bb border_color_all_tablet=\u00bb#0b3d5c\u00bb border_color_all_phone=\u00bb#0b3d5c\u00bb border_color_all_last_edited=\u00bbon|desktop\u00bb global_colors_info=\u00bb{}\u00bb][et_pb_text content_tablet=\u00bb<\/p>\n<\/p>\n<p><a href=%22https:\/\/www.facebook.com\/ProSotoNorte\/%22><img src=%22https:\/\/proyectosotonorte.com\/wp-content\/uploads\/2023\/04\/boton-facebook.png%22 width=%2235%22 height=%2235%22 alt=%22facebook%22 class=%22wp-image-41 alignnone size-full%22 \/> <\/a> <a href=%22https:\/\/twitter.com\/ProSotoNorte%22><img src=%22https:\/\/proyectosotonorte.com\/wp-content\/uploads\/2023\/04\/boton-twitter.png%22 width=%2235%22 height=%2235%22 alt=%22%22 class=%22wp-image-44 alignnone size-full%22 \/> <\/a> <a href=%22https:\/\/www.instagram.com\/prosotonorte\/%22><img src=%22https:\/\/proyectosotonorte.com\/wp-content\/uploads\/2023\/04\/boton-instagram.png%22 width=%2235%22 height=%2235%22 alt=%22instagram%22 class=%22wp-image-42 alignnone size-full%22 \/> <\/a> <a href=%22https:\/\/www.youtube.com\/@ProSotoNorte%22><img src=%22https:\/\/proyectosotonorte.com\/wp-content\/uploads\/2023\/04\/boton-youtube.png%22 width=%2235%22 height=%2235%22 alt=%22youtube%22 class=%22wp-image-45 alignnone size-full%22 \/>  <\/a> <a href=%22https:\/\/www.tiktok.com\/@prosotonorte?_t=8pac4CTzGQI&#038;_r=1%22><img src=%22https:\/\/proyectosotonorte.com\/wp-content\/uploads\/boton-tiktok.webp%22 width=%2235%22 height=%2235%22 alt=%22youtube%22 class=%22wp-image-45 alignnone size-full%22 \/>  <\/a> <a href=%22https:\/\/linktr.ee\/prosotonorte%22><img src=%22https:\/\/proyectosotonorte.com\/wp-content\/uploads\/boton-linktr.ee_.webp%22 width=%2235%22 height=%2235%22 alt=%22youtube%22 class=%22wp-image-45 alignnone size-full%22 \/><\/a><\/p>\n<\/p>\n<p>\u00bb content_phone=\u00bb<\/p>\n<p><a href=%22https:\/\/www.facebook.com\/ProSotoNorte\/%22><img src=%22https:\/\/proyectosotonorte.com\/wp-content\/uploads\/2023\/04\/boton-facebook.png%22 width=%2239%22 height=%2239%22 alt=%22facebook%22 class=%22wp-image-41 alignnone size-full%22 \/><\/a>   <a href=%22https:\/\/twitter.com\/ProSotoNorte%22><img src=%22https:\/\/proyectosotonorte.com\/wp-content\/uploads\/2023\/04\/boton-twitter.png%22 width=%2239%22 height=%2239%22 alt=%22%22 class=%22wp-image-44 alignnone size-full%22 \/>   <\/a><a href=%22https:\/\/www.instagram.com\/prosotonorte\/%22><img src=%22https:\/\/proyectosotonorte.com\/wp-content\/uploads\/2023\/04\/boton-instagram.png%22 width=%2239%22 height=%2239%22 alt=%22instagram%22 class=%22wp-image-42 alignnone size-full%22 \/><\/a>  <a href=%22https:\/\/www.youtube.com\/@ProSotoNorte%22><img src=%22https:\/\/proyectosotonorte.com\/wp-content\/uploads\/2023\/04\/boton-youtube.png%22 width=%2239%22 height=%2239%22 alt=%22youtube%22 class=%22wp-image-45 alignnone size-full%22 \/> <\/a> <a href=%22https:\/\/www.tiktok.com\/@prosotonorte?_t=8pac4CTzGQI&#038;_r=1%22><img src=%22https:\/\/proyectosotonorte.com\/wp-content\/uploads\/boton-tiktok.webp%22 width=%2239%22 height=%2239%22 alt=%22youtube%22 class=%22wp-image-45 alignnone size-full%22 \/> <\/a> <a href=%22https:\/\/linktr.ee\/prosotonorte%22><img src=%22https:\/\/proyectosotonorte.com\/wp-content\/uploads\/boton-linktr.ee_.webp%22 width=%2239%22 height=%2239%22 alt=%22youtube%22 class=%22wp-image-45 alignnone size-full%22 \/><\/a><\/p>\n<p>\u00bb content_last_edited=\u00bboff|phone\u00bb disabled_on=\u00bbon|on|off\u00bb _builder_version=\u00bb4.27.0&#8243; _module_preset=\u00bbdefault\u00bb text_orientation=\u00bbcenter\u00bb module_alignment=\u00bbcenter\u00bb custom_margin=\u00bb7px||7px||true|false\u00bb custom_margin_tablet=\u00bb-28px||-28px||true|false\u00bb custom_margin_phone=\u00bb-38px||-38px||true|false\u00bb custom_margin_last_edited=\u00bbon|tablet\u00bb custom_padding=\u00bb7px||0px||false|false\u00bb custom_padding_tablet=\u00bb0px||||false|false\u00bb custom_padding_phone=\u00bb\u00bb custom_padding_last_edited=\u00bbon|desktop\u00bb global_colors_info=\u00bb{}\u00bb]<\/p>\n<p><a href=\"https:\/\/www.facebook.com\/ProSotoNorte\/\"><img loading=\"lazy\" decoding=\"async\" src=\"https:\/\/proyectosotonorte.com\/wp-content\/uploads\/boton-facebook.webp\" width=\"30\" height=\"30\" alt=\"facebook\" class=\"wp-image-41 alignnone size-full\" \/><\/a> <a href=\"https:\/\/twitter.com\/ProSotoNorte\"><img loading=\"lazy\" decoding=\"async\" src=\"https:\/\/proyectosotonorte.com\/wp-content\/uploads\/boton-X.webp\" width=\"30\" height=\"30\" alt=\"\" class=\"wp-image-44 alignnone size-full\" \/><\/a> <a href=\"https:\/\/www.instagram.com\/prosotonorte\/\"><img loading=\"lazy\" decoding=\"async\" src=\"https:\/\/proyectosotonorte.com\/wp-content\/uploads\/boton-instagram.webp\" width=\"30\" height=\"30\" alt=\"instagram\" class=\"wp-image-42 alignnone size-full\" \/><\/a> <a href=\"https:\/\/www.youtube.com\/@ProSotoNorte\"><img loading=\"lazy\" decoding=\"async\" src=\"https:\/\/proyectosotonorte.com\/wp-content\/uploads\/boton-youtube.webp\" width=\"30\" height=\"30\" alt=\"youtube\" class=\"wp-image-45 alignnone size-full\" \/><\/a> <a href=\"https:\/\/www.tiktok.com\/@prosotonorte?_t=8pac4CTzGQI&amp;_r=1\"><img loading=\"lazy\" decoding=\"async\" src=\"https:\/\/proyectosotonorte.com\/wp-content\/uploads\/Boton-tiktok-1.webp\" width=\"30\" height=\"30\" alt=\"youtube\" class=\"wp-image-45 alignnone size-full\" \/><\/a> <a href=\"https:\/\/linktr.ee\/prosotonorte\"><img loading=\"lazy\" decoding=\"async\" src=\"https:\/\/proyectosotonorte.com\/wp-content\/uploads\/boton-linktree.webp\" width=\"30\" height=\"28\" alt=\"youtube\" class=\"wp-image-45 alignnone size-full\" \/><\/a><\/p>\n<p>[\/et_pb_text][\/et_pb_column][\/et_pb_row][et_pb_row column_structure=\u00bb3_5,2_5&#8243; admin_label=\u00bbbotones\u00bb _builder_version=\u00bb4.20.4&#8243; _module_preset=\u00bbdefault\u00bb custom_margin=\u00bb100px||||false|false\u00bb custom_margin_tablet=\u00bb27px||||false|false\u00bb custom_margin_phone=\u00bb27px||||false|false\u00bb custom_margin_last_edited=\u00bbon|phone\u00bb global_colors_info=\u00bb{}\u00bb][et_pb_column type=\u00bb3_5&#8243; _builder_version=\u00bb4.20.4&#8243; _module_preset=\u00bbdefault\u00bb global_colors_info=\u00bb{}\u00bb][et_pb_text admin_label=\u00bbIntegraci\u00f3n\u00bb _builder_version=\u00bb4.23.1&#8243; _dynamic_attributes=\u00bblink_option_url\u00bb _module_preset=\u00bbdefault\u00bb header_text_color=\u00bb#FFFFFF\u00bb header_font_size=\u00bb32px\u00bb background_color=\u00bbrgba(91,91,91,0.58)\u00bb use_background_color_gradient=\u00bbon\u00bb background_color_gradient_type=\u00bbcircular\u00bb background_color_gradient_stops=\u00bbrgba(91,91,91,0.63) 0%|rgba(91,91,91,0.92) 46%|rgba(198,198,198,0.29) 100%\u00bb width=\u00bb59%\u00bb width_tablet=\u00bb55%\u00bb width_phone=\u00bb97%\u00bb width_last_edited=\u00bbon|desktop\u00bb height=\u00bb67px\u00bb height_tablet=\u00bb67px\u00bb height_phone=\u00bb55px\u00bb height_last_edited=\u00bbon|tablet\u00bb custom_padding=\u00bb14px|38px|14px|38px|true|true\u00bb link_option_url=\u00bb@ET-DC@eyJkeW5hbWljIjp0cnVlLCJjb250ZW50IjoicG9zdF9saW5rX3VybF9wYWdlIiwic2V0dGluZ3MiOnsicG9zdF9pZCI6Ijk4NzUxMjM4OSJ9fQ==@\u00bb header_font_size_tablet=\u00bb30px\u00bb header_font_size_phone=\u00bb24px\u00bb header_font_size_last_edited=\u00bbon|desktop\u00bb border_radii=\u00bbon|19px|19px|19px|19px\u00bb box_shadow_style=\u00bbpreset2&#8243; box_shadow_horizontal=\u00bb2px\u00bb box_shadow_vertical=\u00bb12px\u00bb box_shadow_spread=\u00bb1px\u00bb box_shadow_color=\u00bb#000000&#8243; global_colors_info=\u00bb{}\u00bb transform_styles__hover_enabled=\u00bbon|hover\u00bb transform_scale__hover_enabled=\u00bbon|hover\u00bb transform_translate__hover_enabled=\u00bbon|desktop\u00bb transform_rotate__hover_enabled=\u00bbon|desktop\u00bb transform_skew__hover_enabled=\u00bbon|desktop\u00bb transform_origin__hover_enabled=\u00bbon|desktop\u00bb transform_scale__hover=\u00bb103%|103%\u00bb]<\/p>\n<h1>Integraci\u00f3n minera<\/h1>\n<p>[\/et_pb_text][et_pb_text admin_label=\u00bbCalimineros\u00bb _builder_version=\u00bb4.23.1&#8243; _dynamic_attributes=\u00bblink_option_url\u00bb _module_preset=\u00bbdefault\u00bb header_text_color=\u00bb#FFFFFF\u00bb header_font_size=\u00bb32px\u00bb background_color=\u00bbrgba(91,91,91,0.58)\u00bb use_background_color_gradient=\u00bbon\u00bb background_color_gradient_type=\u00bbcircular\u00bb background_color_gradient_stops=\u00bbrgba(91,91,91,0.63) 0%|rgba(91,91,91,0.92) 46%|rgba(198,198,198,0.29) 100%\u00bb width=\u00bb59%\u00bb width_tablet=\u00bb55%\u00bb width_phone=\u00bb97%\u00bb width_last_edited=\u00bbon|tablet\u00bb height=\u00bb67px\u00bb height_tablet=\u00bb67px\u00bb height_phone=\u00bb55px\u00bb height_last_edited=\u00bbon|phone\u00bb custom_padding=\u00bb11px|38px|11px|38px|true|true\u00bb custom_padding_tablet=\u00bb16px||16px||true|true\u00bb custom_padding_phone=\u00bb13px||13px||true|true\u00bb custom_padding_last_edited=\u00bbon|phone\u00bb link_option_url=\u00bb@ET-DC@eyJkeW5hbWljIjp0cnVlLCJjb250ZW50IjoicG9zdF9saW5rX3VybF9wYWdlIiwic2V0dGluZ3MiOnsicG9zdF9pZCI6Ijk4NzUxMjQ5MiJ9fQ==@\u00bb header_font_size_tablet=\u00bb30px\u00bb header_font_size_phone=\u00bb24px\u00bb header_font_size_last_edited=\u00bbon|desktop\u00bb border_radii=\u00bbon|19px|19px|19px|19px\u00bb box_shadow_style=\u00bbpreset2&#8243; box_shadow_horizontal=\u00bb2px\u00bb box_shadow_vertical=\u00bb12px\u00bb box_shadow_spread=\u00bb1px\u00bb box_shadow_color=\u00bb#000000&#8243; global_colors_info=\u00bb{}\u00bb transform_styles__hover_enabled=\u00bbon|hover\u00bb transform_scale__hover_enabled=\u00bbon|hover\u00bb transform_translate__hover_enabled=\u00bbon|desktop\u00bb transform_rotate__hover_enabled=\u00bbon|desktop\u00bb transform_skew__hover_enabled=\u00bbon|desktop\u00bb transform_origin__hover_enabled=\u00bbon|desktop\u00bb transform_scale__hover=\u00bb103%|103%\u00bb]<\/p>\n<h1 style=\"text-align: center;\">Calimineros<\/h1>\n<p>[\/et_pb_text][\/et_pb_column][et_pb_column type=\u00bb2_5&#8243; _builder_version=\u00bb4.20.4&#8243; _module_preset=\u00bbdefault\u00bb global_colors_info=\u00bb{}\u00bb][et_pb_text disabled_on=\u00bbon|off|off\u00bb _builder_version=\u00bb4.23.1&#8243; _module_preset=\u00bbdefault\u00bb text_text_color=\u00bb#FFFFFF\u00bb text_font_size=\u00bb80px\u00bb transform_scale_tablet=\u00bb\u00bb transform_scale_phone=\u00bb\u00bb transform_scale_last_edited=\u00bbon|tablet\u00bb transform_translate_tablet=\u00bb378px|-155px\u00bb transform_translate_phone=\u00bb0px|0px\u00bb transform_translate_last_edited=\u00bbon|tablet\u00bb transform_translate_linked_tablet=\u00bboff\u00bb transform_rotate_tablet=\u00bb\u00bb transform_rotate_phone=\u00bb\u00bb transform_rotate_last_edited=\u00bbon|tablet\u00bb transform_skew_tablet=\u00bb\u00bb transform_skew_phone=\u00bb\u00bb transform_skew_last_edited=\u00bbon|tablet\u00bb transform_origin_tablet=\u00bb\u00bb transform_origin_phone=\u00bb\u00bb transform_origin_last_edited=\u00bbon|tablet\u00bb transform_styles_last_edited=\u00bbon|tablet\u00bb text_font_size_tablet=\u00bb50px\u00bb text_font_size_phone=\u00bb50px\u00bb text_font_size_last_edited=\u00bbon|tablet\u00bb transform_styles_tablet=\u00bb\u00bb transform_styles_phone=\u00bb\u00bb global_colors_info=\u00bb{}\u00bb]<\/p>\n<p>ORGULLO<\/p>\n<p>MINERO<\/p>\n<p>[\/et_pb_text][\/et_pb_column][\/et_pb_row][\/et_pb_section]<\/p>\n","protected":false},"excerpt":{"rendered":"<p>Integraci\u00f3n mineraCaliminerosORGULLO MINERO<\/p>","protected":false},"author":1,"featured_media":987512371,"parent":0,"menu_order":0,"comment_status":"closed","ping_status":"closed","template":"","meta":{"_et_pb_use_builder":"on","_et_pb_old_content":"","_et_gb_content_width":"","footnotes":""},"class_list":["post-987512358","page","type-page","status-publish","has-post-thumbnail","hentry"],"yoast_head":"<!-- This site is optimized with the Yoast SEO plugin v27.4 - https:\/\/yoast.com\/product\/yoast-seo-wordpress\/ -->\n<title>Orgullo Minero | Proyecto Soto Norte<\/title>\n<meta name=\"description\" content=\"En el proyecto soto norte nos sentimos orgullosos de hacer miner\u00eda, conoce aqu\u00ed nuestra integraci\u00f3n minera y calimineros.\" \/>\n<meta name=\"robots\" content=\"index, follow, max-snippet:-1, max-image-preview:large, max-video-preview:-1\" \/>\n<link rel=\"canonical\" href=\"https:\/\/proyectosotonorte.com\/en\/orgullo-minero\/\" \/>\n<meta property=\"og:locale\" content=\"en_US\" \/>\n<meta property=\"og:type\" content=\"article\" \/>\n<meta property=\"og:title\" content=\"Orgullo Minero | Proyecto Soto Norte\" \/>\n<meta property=\"og:description\" content=\"En el proyecto soto norte nos sentimos orgullosos de hacer miner\u00eda, conoce aqu\u00ed nuestra integraci\u00f3n minera y calimineros.\" \/>\n<meta property=\"og:url\" content=\"https:\/\/proyectosotonorte.com\/en\/orgullo-minero\/\" \/>\n<meta property=\"og:site_name\" content=\"Proyecto Soto Norte\" \/>\n<meta property=\"article:publisher\" content=\"https:\/\/www.facebook.com\/ProSotoNorte\/\" \/>\n<meta property=\"article:modified_time\" content=\"2025-01-11T02:56:39+00:00\" \/>\n<meta property=\"og:image\" content=\"https:\/\/proyectosotonorte.com\/wp-content\/uploads\/2023\/08\/fondo-principal-seccion-orgullo-minero-1024x689.png\" \/>\n\t<meta property=\"og:image:width\" content=\"1024\" \/>\n\t<meta property=\"og:image:height\" content=\"689\" \/>\n\t<meta property=\"og:image:type\" content=\"image\/png\" \/>\n<meta name=\"twitter:card\" content=\"summary_large_image\" \/>\n<meta name=\"twitter:site\" content=\"@ProSotoNorte\" \/>\n<meta name=\"twitter:label1\" content=\"Est. reading time\" \/>\n\t<meta name=\"twitter:data1\" content=\"2 minutes\" \/>\n<script type=\"application\/ld+json\" class=\"yoast-schema-graph\">{\"@context\":\"https:\\\/\\\/schema.org\",\"@graph\":[{\"@type\":\"WebPage\",\"@id\":\"https:\\\/\\\/proyectosotonorte.com\\\/orgullo-minero\\\/\",\"url\":\"https:\\\/\\\/proyectosotonorte.com\\\/orgullo-minero\\\/\",\"name\":\"Orgullo Minero | Proyecto Soto Norte\",\"isPartOf\":{\"@id\":\"https:\\\/\\\/proyectosotonorte.com\\\/#website\"},\"primaryImageOfPage\":{\"@id\":\"https:\\\/\\\/proyectosotonorte.com\\\/orgullo-minero\\\/#primaryimage\"},\"image\":{\"@id\":\"https:\\\/\\\/proyectosotonorte.com\\\/orgullo-minero\\\/#primaryimage\"},\"thumbnailUrl\":\"https:\\\/\\\/proyectosotonorte.com\\\/wp-content\\\/uploads\\\/2023\\\/08\\\/fondo-principal-seccion-orgullo-minero.png\",\"datePublished\":\"2023-08-17T01:10:03+00:00\",\"dateModified\":\"2025-01-11T02:56:39+00:00\",\"description\":\"En el proyecto soto norte nos sentimos orgullosos de hacer miner\u00eda, conoce aqu\u00ed nuestra integraci\u00f3n minera y calimineros.\",\"breadcrumb\":{\"@id\":\"https:\\\/\\\/proyectosotonorte.com\\\/orgullo-minero\\\/#breadcrumb\"},\"inLanguage\":\"en-US\",\"potentialAction\":[{\"@type\":\"ReadAction\",\"target\":[\"https:\\\/\\\/proyectosotonorte.com\\\/orgullo-minero\\\/\"]}]},{\"@type\":\"ImageObject\",\"inLanguage\":\"en-US\",\"@id\":\"https:\\\/\\\/proyectosotonorte.com\\\/orgullo-minero\\\/#primaryimage\",\"url\":\"https:\\\/\\\/proyectosotonorte.com\\\/wp-content\\\/uploads\\\/2023\\\/08\\\/fondo-principal-seccion-orgullo-minero.png\",\"contentUrl\":\"https:\\\/\\\/proyectosotonorte.com\\\/wp-content\\\/uploads\\\/2023\\\/08\\\/fondo-principal-seccion-orgullo-minero.png\",\"width\":1920,\"height\":1291,\"caption\":\"orgullo minero soto norte\"},{\"@type\":\"BreadcrumbList\",\"@id\":\"https:\\\/\\\/proyectosotonorte.com\\\/orgullo-minero\\\/#breadcrumb\",\"itemListElement\":[{\"@type\":\"ListItem\",\"position\":1,\"name\":\"Portada\",\"item\":\"https:\\\/\\\/proyectosotonorte.com\\\/\"},{\"@type\":\"ListItem\",\"position\":2,\"name\":\"Orgullo Minero\"}]},{\"@type\":\"WebSite\",\"@id\":\"https:\\\/\\\/proyectosotonorte.com\\\/#website\",\"url\":\"https:\\\/\\\/proyectosotonorte.com\\\/\",\"name\":\"Proyecto Soto Norte\",\"description\":\"El Proyecto Soto Norte es una apuesta hist\u00f3rica en Santander para hacer miner\u00eda para la vida, concebida a partir de la sostenibilidad social que tiene a la conservaci\u00f3n del agua como principio rector, garantiza el desarrollo anticipado de la regi\u00f3n y preserva e impulsa el orgullo del territorio.\",\"publisher\":{\"@id\":\"https:\\\/\\\/proyectosotonorte.com\\\/#organization\"},\"potentialAction\":[{\"@type\":\"SearchAction\",\"target\":{\"@type\":\"EntryPoint\",\"urlTemplate\":\"https:\\\/\\\/proyectosotonorte.com\\\/?s={search_term_string}\"},\"query-input\":{\"@type\":\"PropertyValueSpecification\",\"valueRequired\":true,\"valueName\":\"search_term_string\"}}],\"inLanguage\":\"en-US\"},{\"@type\":\"Organization\",\"@id\":\"https:\\\/\\\/proyectosotonorte.com\\\/#organization\",\"name\":\"Proyecto Soto Norte\",\"alternateName\":\"El Proyecto Soto Norte es una apuesta hist\u00f3rica en Santander para hacer miner\u00eda para la vida, concebida a partir de la sostenibilidad social que tiene a la conservaci\u00f3n del agua como principio rector, garantiza el desarrollo anticipado de la regi\u00f3n y preserva e impulsa el orgullo del territorio.\",\"url\":\"https:\\\/\\\/proyectosotonorte.com\\\/\",\"logo\":{\"@type\":\"ImageObject\",\"inLanguage\":\"en-US\",\"@id\":\"https:\\\/\\\/proyectosotonorte.com\\\/#\\\/schema\\\/logo\\\/image\\\/\",\"url\":\"https:\\\/\\\/proyectosotonorte.com\\\/wp-content\\\/uploads\\\/cropped-logo-pequeno-PSN.webp\",\"contentUrl\":\"https:\\\/\\\/proyectosotonorte.com\\\/wp-content\\\/uploads\\\/cropped-logo-pequeno-PSN.webp\",\"width\":512,\"height\":512,\"caption\":\"Proyecto Soto Norte\"},\"image\":{\"@id\":\"https:\\\/\\\/proyectosotonorte.com\\\/#\\\/schema\\\/logo\\\/image\\\/\"},\"sameAs\":[\"https:\\\/\\\/www.facebook.com\\\/ProSotoNorte\\\/\",\"https:\\\/\\\/x.com\\\/ProSotoNorte\",\"https:\\\/\\\/www.instagram.com\\\/prosotonorte\\\/\"]}]}<\/script>\n<!-- \/ Yoast SEO plugin. -->","yoast_head_json":{"title":"Orgullo Minero | Proyecto Soto Norte","description":"En el proyecto soto norte nos sentimos orgullosos de hacer miner\u00eda, conoce aqu\u00ed nuestra integraci\u00f3n minera y calimineros.","robots":{"index":"index","follow":"follow","max-snippet":"max-snippet:-1","max-image-preview":"max-image-preview:large","max-video-preview":"max-video-preview:-1"},"canonical":"https:\/\/proyectosotonorte.com\/en\/orgullo-minero\/","og_locale":"en_US","og_type":"article","og_title":"Orgullo Minero | Proyecto Soto Norte","og_description":"En el proyecto soto norte nos sentimos orgullosos de hacer miner\u00eda, conoce aqu\u00ed nuestra integraci\u00f3n minera y calimineros.","og_url":"https:\/\/proyectosotonorte.com\/en\/orgullo-minero\/","og_site_name":"Proyecto Soto Norte","article_publisher":"https:\/\/www.facebook.com\/ProSotoNorte\/","article_modified_time":"2025-01-11T02:56:39+00:00","og_image":[{"width":1024,"height":689,"url":"https:\/\/proyectosotonorte.com\/wp-content\/uploads\/2023\/08\/fondo-principal-seccion-orgullo-minero-1024x689.png","type":"image\/png"}],"twitter_card":"summary_large_image","twitter_site":"@ProSotoNorte","twitter_misc":{"Est. reading time":"2 minutes"},"schema":{"@context":"https:\/\/schema.org","@graph":[{"@type":"WebPage","@id":"https:\/\/proyectosotonorte.com\/orgullo-minero\/","url":"https:\/\/proyectosotonorte.com\/orgullo-minero\/","name":"Orgullo Minero | Proyecto Soto Norte","isPartOf":{"@id":"https:\/\/proyectosotonorte.com\/#website"},"primaryImageOfPage":{"@id":"https:\/\/proyectosotonorte.com\/orgullo-minero\/#primaryimage"},"image":{"@id":"https:\/\/proyectosotonorte.com\/orgullo-minero\/#primaryimage"},"thumbnailUrl":"https:\/\/proyectosotonorte.com\/wp-content\/uploads\/2023\/08\/fondo-principal-seccion-orgullo-minero.png","datePublished":"2023-08-17T01:10:03+00:00","dateModified":"2025-01-11T02:56:39+00:00","description":"En el proyecto soto norte nos sentimos orgullosos de hacer miner\u00eda, conoce aqu\u00ed nuestra integraci\u00f3n minera y calimineros.","breadcrumb":{"@id":"https:\/\/proyectosotonorte.com\/orgullo-minero\/#breadcrumb"},"inLanguage":"en-US","potentialAction":[{"@type":"ReadAction","target":["https:\/\/proyectosotonorte.com\/orgullo-minero\/"]}]},{"@type":"ImageObject","inLanguage":"en-US","@id":"https:\/\/proyectosotonorte.com\/orgullo-minero\/#primaryimage","url":"https:\/\/proyectosotonorte.com\/wp-content\/uploads\/2023\/08\/fondo-principal-seccion-orgullo-minero.png","contentUrl":"https:\/\/proyectosotonorte.com\/wp-content\/uploads\/2023\/08\/fondo-principal-seccion-orgullo-minero.png","width":1920,"height":1291,"caption":"orgullo minero soto norte"},{"@type":"BreadcrumbList","@id":"https:\/\/proyectosotonorte.com\/orgullo-minero\/#breadcrumb","itemListElement":[{"@type":"ListItem","position":1,"name":"Portada","item":"https:\/\/proyectosotonorte.com\/"},{"@type":"ListItem","position":2,"name":"Orgullo Minero"}]},{"@type":"WebSite","@id":"https:\/\/proyectosotonorte.com\/#website","url":"https:\/\/proyectosotonorte.com\/","name":"Proyecto Soto Norte","description":"The Soto Norte Project (PSN for its acronym in Spanish) is a historic commitment in Santander to make mining for life, conceived from the social sustainability that has water conservation as a guiding principle, guarantees the anticipated development of the region and preserves and promotes the pride of the territory.","publisher":{"@id":"https:\/\/proyectosotonorte.com\/#organization"},"potentialAction":[{"@type":"SearchAction","target":{"@type":"EntryPoint","urlTemplate":"https:\/\/proyectosotonorte.com\/?s={search_term_string}"},"query-input":{"@type":"PropertyValueSpecification","valueRequired":true,"valueName":"search_term_string"}}],"inLanguage":"en-US"},{"@type":"Organization","@id":"https:\/\/proyectosotonorte.com\/#organization","name":"Proyecto Soto Norte","alternateName":"El Proyecto Soto Norte es una apuesta hist\u00f3rica en Santander para hacer miner\u00eda para la vida, concebida a partir de la sostenibilidad social que tiene a la conservaci\u00f3n del agua como principio rector, garantiza el desarrollo anticipado de la regi\u00f3n y preserva e impulsa el orgullo del territorio.","url":"https:\/\/proyectosotonorte.com\/","logo":{"@type":"ImageObject","inLanguage":"en-US","@id":"https:\/\/proyectosotonorte.com\/#\/schema\/logo\/image\/","url":"https:\/\/proyectosotonorte.com\/wp-content\/uploads\/cropped-logo-pequeno-PSN.webp","contentUrl":"https:\/\/proyectosotonorte.com\/wp-content\/uploads\/cropped-logo-pequeno-PSN.webp","width":512,"height":512,"caption":"Proyecto Soto Norte"},"image":{"@id":"https:\/\/proyectosotonorte.com\/#\/schema\/logo\/image\/"},"sameAs":["https:\/\/www.facebook.com\/ProSotoNorte\/","https:\/\/x.com\/ProSotoNorte","https:\/\/www.instagram.com\/prosotonorte\/"]}]}},"_links":{"self":[{"href":"https:\/\/proyectosotonorte.com\/en\/wp-json\/wp\/v2\/pages\/987512358","targetHints":{"allow":["GET"]}}],"collection":[{"href":"https:\/\/proyectosotonorte.com\/en\/wp-json\/wp\/v2\/pages"}],"about":[{"href":"https:\/\/proyectosotonorte.com\/en\/wp-json\/wp\/v2\/types\/page"}],"author":[{"embeddable":true,"href":"https:\/\/proyectosotonorte.com\/en\/wp-json\/wp\/v2\/users\/1"}],"replies":[{"embeddable":true,"href":"https:\/\/proyectosotonorte.com\/en\/wp-json\/wp\/v2\/comments?post=987512358"}],"version-history":[{"count":15,"href":"https:\/\/proyectosotonorte.com\/en\/wp-json\/wp\/v2\/pages\/987512358\/revisions"}],"predecessor-version":[{"id":987516177,"href":"https:\/\/proyectosotonorte.com\/en\/wp-json\/wp\/v2\/pages\/987512358\/revisions\/987516177"}],"wp:featuredmedia":[{"embeddable":true,"href":"https:\/\/proyectosotonorte.com\/en\/wp-json\/wp\/v2\/media\/987512371"}],"wp:attachment":[{"href":"https:\/\/proyectosotonorte.com\/en\/wp-json\/wp\/v2\/media?parent=987512358"}],"curies":[{"name":"wp","href":"https:\/\/api.w.org\/{rel}","templated":true}]}}