{"id":987512511,"date":"2023-08-18T17:16:53","date_gmt":"2023-08-18T22:16:53","guid":{"rendered":"https:\/\/proyectosotonorte.com\/?page_id=987512511"},"modified":"2024-09-11T19:05:34","modified_gmt":"2024-09-12T00:05:34","slug":"sobre-nosotros","status":"publish","type":"page","link":"https:\/\/proyectosotonorte.com\/en\/sobre-nosotros\/","title":{"rendered":"About US"},"content":{"rendered":"<p>[et_pb_section fb_built=\u00bb1&#8243; admin_label=\u00bbquienes somos\u00bb _builder_version=\u00bb4.23&#8243; _module_preset=\u00bbdefault\u00bb background_image=\u00bbhttps:\/\/proyectosotonorte.com\/wp-content\/uploads\/2023\/11\/Sobre-nosotros-proyecto-soto-norte-scaled-e1699062952530.webp\u00bb background_size=\u00bbinitial\u00bb background_position=\u00bbtop_right\u00bb height=\u00bb150px\u00bb height_tablet=\u00bb151px\u00bb height_phone=\u00bb125px\u00bb height_last_edited=\u00bbon|phone\u00bb background_last_edited=\u00bbon|tablet\u00bb background_size_tablet=\u00bbcover\u00bb background_size_phone=\u00bbcover\u00bb global_colors_info=\u00bb{}\u00bb][et_pb_row _builder_version=\u00bb4.23&#8243; _module_preset=\u00bbdefault\u00bb transform_scale_tablet=\u00bb\u00bb transform_scale_phone=\u00bb\u00bb transform_scale_last_edited=\u00bbon|phone\u00bb transform_translate_tablet=\u00bb\u00bb transform_translate_phone=\u00bb0px|-37px\u00bb transform_translate_last_edited=\u00bbon|phone\u00bb transform_translate_linked_phone=\u00bboff\u00bb transform_rotate_tablet=\u00bb\u00bb transform_rotate_phone=\u00bb\u00bb transform_rotate_last_edited=\u00bbon|phone\u00bb transform_skew_tablet=\u00bb\u00bb transform_skew_phone=\u00bb\u00bb transform_skew_last_edited=\u00bbon|phone\u00bb transform_origin_tablet=\u00bb\u00bb transform_origin_phone=\u00bb\u00bb transform_origin_last_edited=\u00bbon|phone\u00bb transform_styles_last_edited=\u00bbon|phone\u00bb custom_margin=\u00bb-27px||||false|false\u00bb custom_margin_tablet=\u00bb-27px||||false|false\u00bb custom_margin_phone=\u00bb0px||||false|false\u00bb custom_margin_last_edited=\u00bbon|phone\u00bb transform_styles_tablet=\u00bb\u00bb transform_styles_phone=\u00bb\u00bb global_colors_info=\u00bb{}\u00bb][et_pb_column type=\u00bb4_4&#8243; _builder_version=\u00bb4.20.4&#8243; _module_preset=\u00bbdefault\u00bb global_colors_info=\u00bb{}\u00bb][dnxte_button button_text=\u00bbQui\u00e9nes somos\u00bb button_link=\u00bb@ET-DC@eyJkeW5hbWljIjp0cnVlLCJjb250ZW50IjoicG9zdF9saW5rX3VybF9wYWdlIiwic2V0dGluZ3MiOnsicG9zdF9pZCI6Ijk4NzUxMjU1NSJ9fQ==@\u00bb dnxt_button_alignment=\u00bbcenter\u00bb btn_show_hide=\u00bboff\u00bb dnxt_hover_bg=\u00bbdnxt-hover-sweep-to-right\u00bb dnxt_hover_bg_color=\u00bb#2a82aa\u00bb _builder_version=\u00bb4.22.1&#8243; _dynamic_attributes=\u00bbbutton_link\u00bb _module_preset=\u00bbdefault\u00bb btn_fonts_text_color=\u00bb#FFFFFF\u00bb btn_fonts_font_size=\u00bb42px\u00bb background_color=\u00bb#0b3d5c\u00bb transform_scale_tablet=\u00bb\u00bb transform_scale_phone=\u00bb\u00bb transform_scale_last_edited=\u00bbon|desktop\u00bb transform_translate_tablet=\u00bb\u00bb transform_translate_phone=\u00bb\u00bb transform_translate_last_edited=\u00bbon|desktop\u00bb transform_rotate_tablet=\u00bb\u00bb transform_rotate_phone=\u00bb\u00bb transform_rotate_last_edited=\u00bbon|desktop\u00bb transform_skew_tablet=\u00bb\u00bb transform_skew_phone=\u00bb\u00bb transform_skew_last_edited=\u00bbon|desktop\u00bb transform_origin_tablet=\u00bb\u00bb transform_origin_phone=\u00bb\u00bb transform_origin_last_edited=\u00bbon|desktop\u00bb transform_styles_last_edited=\u00bbon|desktop\u00bb btn_fonts_font_size_tablet=\u00bb32px\u00bb btn_fonts_font_size_phone=\u00bb22px\u00bb btn_fonts_font_size_last_edited=\u00bbon|phone\u00bb transform_styles_tablet=\u00bb\u00bb transform_styles_phone=\u00bb\u00bb border_radii_btn_border=\u00bbon|13px|13px|13px|13px\u00bb border_width_all_btn_border=\u00bb0px\u00bb global_colors_info=\u00bb{}\u00bb transform_styles__hover_enabled=\u00bbon|hover\u00bb transform_scale__hover_enabled=\u00bbon|hover\u00bb transform_translate__hover_enabled=\u00bbon|desktop\u00bb transform_rotate__hover_enabled=\u00bbon|desktop\u00bb transform_skew__hover_enabled=\u00bbon|desktop\u00bb transform_origin__hover_enabled=\u00bbon|desktop\u00bb transform_scale__hover=\u00bb103%|103%\u00bb][\/dnxte_button][\/et_pb_column][\/et_pb_row][\/et_pb_section][et_pb_section fb_built=\u00bb1&#8243; admin_label=\u00bbseparador\u00bb _builder_version=\u00bb4.20.4&#8243; _module_preset=\u00bbdefault\u00bb height=\u00bb46px\u00bb custom_padding=\u00bb||0px|||\u00bb global_colors_info=\u00bb{}\u00bb][\/et_pb_section][et_pb_section fb_built=\u00bb1&#8243; admin_label=\u00bbinversionistas\u00bb _builder_version=\u00bb4.20.4&#8243; _module_preset=\u00bbdefault\u00bb background_image=\u00bbhttps:\/\/proyectosotonorte.com\/wp-content\/uploads\/2023\/08\/Foto-sin-boton-2.png\u00bb height=\u00bb150px\u00bb global_colors_info=\u00bb{}\u00bb][et_pb_row _builder_version=\u00bb4.20.4&#8243; _module_preset=\u00bbdefault\u00bb custom_margin=\u00bb-27px||||false|false\u00bb global_colors_info=\u00bb{}\u00bb][et_pb_column type=\u00bb4_4&#8243; _builder_version=\u00bb4.20.4&#8243; _module_preset=\u00bbdefault\u00bb global_colors_info=\u00bb{}\u00bb][dnxte_button button_text=\u00bbInversionistas\u00bb button_link=\u00bb@ET-DC@eyJkeW5hbWljIjp0cnVlLCJjb250ZW50IjoicG9zdF9saW5rX3VybF9wYWdlIiwic2V0dGluZ3MiOnsicG9zdF9pZCI6Ijk4NzUxMjUzMCJ9fQ==@\u00bb dnxt_button_alignment=\u00bbcenter\u00bb btn_show_hide=\u00bboff\u00bb dnxt_hover_bg=\u00bbdnxt-hover-sweep-to-left\u00bb dnxt_hover_bg_color=\u00bb#2a82aa\u00bb _builder_version=\u00bb4.20.4&#8243; _dynamic_attributes=\u00bbbutton_link\u00bb _module_preset=\u00bbdefault\u00bb btn_fonts_text_color=\u00bb#FFFFFF\u00bb btn_fonts_font_size=\u00bb42px\u00bb background_color=\u00bb#0b3d5c\u00bb transform_scale_tablet=\u00bb102%|102%\u00bb transform_scale_phone=\u00bb102%|102%\u00bb transform_scale_last_edited=\u00bbon|desktop\u00bb transform_translate_tablet=\u00bb\u00bb transform_translate_phone=\u00bb\u00bb transform_translate_last_edited=\u00bbon|desktop\u00bb transform_rotate_tablet=\u00bb\u00bb transform_rotate_phone=\u00bb\u00bb transform_rotate_last_edited=\u00bbon|desktop\u00bb transform_skew_tablet=\u00bb\u00bb transform_skew_phone=\u00bb\u00bb transform_skew_last_edited=\u00bbon|desktop\u00bb transform_origin_tablet=\u00bb\u00bb transform_origin_phone=\u00bb\u00bb transform_origin_last_edited=\u00bbon|desktop\u00bb transform_styles_last_edited=\u00bbon|desktop\u00bb btn_fonts_font_size_tablet=\u00bb32px\u00bb btn_fonts_font_size_phone=\u00bb22px\u00bb btn_fonts_font_size_last_edited=\u00bbon|phone\u00bb transform_styles_tablet=\u00bb\u00bb transform_styles_phone=\u00bb\u00bb border_radii_btn_border=\u00bbon|13px|13px|13px|13px\u00bb border_width_all_btn_border=\u00bb0px\u00bb global_colors_info=\u00bb{}\u00bb transform_styles__hover_enabled=\u00bbon|hover\u00bb transform_scale__hover_enabled=\u00bbon|hover\u00bb transform_translate__hover_enabled=\u00bbon|desktop\u00bb transform_rotate__hover_enabled=\u00bbon|desktop\u00bb transform_skew__hover_enabled=\u00bbon|desktop\u00bb transform_origin__hover_enabled=\u00bbon|desktop\u00bb transform_scale__hover=\u00bb104%|104%\u00bb][\/dnxte_button][\/et_pb_column][\/et_pb_row][\/et_pb_section][et_pb_section fb_built=\u00bb1&#8243; admin_label=\u00bbseparador\u00bb _builder_version=\u00bb4.20.4&#8243; _module_preset=\u00bbdefault\u00bb height=\u00bb46px\u00bb custom_padding=\u00bb||0px|||\u00bb global_colors_info=\u00bb{}\u00bb][\/et_pb_section][et_pb_section fb_built=\u00bb1&#8243; admin_label=\u00bbProveedores\u00bb _builder_version=\u00bb4.20.4&#8243; _module_preset=\u00bbdefault\u00bb background_image=\u00bbhttps:\/\/proyectosotonorte.com\/wp-content\/uploads\/2023\/08\/Foto-sin-boton-3.png\u00bb height=\u00bb150px\u00bb global_colors_info=\u00bb{}\u00bb][et_pb_row _builder_version=\u00bb4.20.4&#8243; _module_preset=\u00bbdefault\u00bb custom_margin=\u00bb-27px||||false|false\u00bb global_colors_info=\u00bb{}\u00bb][et_pb_column type=\u00bb4_4&#8243; _builder_version=\u00bb4.20.4&#8243; _module_preset=\u00bbdefault\u00bb global_colors_info=\u00bb{}\u00bb][dnxte_button button_text=\u00bbProveedores\u00bb button_link=\u00bb#\u00bb dnxt_button_alignment=\u00bbcenter\u00bb btn_show_hide=\u00bboff\u00bb dnxt_hover_bg=\u00bbdnxt-hover-sweep-to-right\u00bb dnxt_hover_bg_color=\u00bb#2a82aa\u00bb _builder_version=\u00bb4.20.4&#8243; _module_preset=\u00bbdefault\u00bb btn_fonts_text_color=\u00bb#FFFFFF\u00bb btn_fonts_font_size=\u00bb42px\u00bb background_color=\u00bb#0b3d5c\u00bb btn_fonts_font_size_tablet=\u00bb32px\u00bb btn_fonts_font_size_phone=\u00bb22px\u00bb btn_fonts_font_size_last_edited=\u00bbon|phone\u00bb border_radii_btn_border=\u00bbon|13px|13px|13px|13px\u00bb border_width_all_btn_border=\u00bb0px\u00bb global_colors_info=\u00bb{}\u00bb transform_styles__hover_enabled=\u00bbon|hover\u00bb transform_scale__hover_enabled=\u00bbon|hover\u00bb transform_translate__hover_enabled=\u00bbon|desktop\u00bb transform_rotate__hover_enabled=\u00bbon|desktop\u00bb transform_skew__hover_enabled=\u00bbon|desktop\u00bb transform_origin__hover_enabled=\u00bbon|desktop\u00bb transform_scale__hover=\u00bb108%|108%\u00bb][\/dnxte_button][\/et_pb_column][\/et_pb_row][\/et_pb_section][et_pb_section fb_built=\u00bb1&#8243; admin_label=\u00bbseparador\u00bb _builder_version=\u00bb4.20.4&#8243; _module_preset=\u00bbdefault\u00bb height=\u00bb46px\u00bb custom_padding=\u00bb||0px|||\u00bb global_colors_info=\u00bb{}\u00bb][\/et_pb_section]<\/p>\n","protected":false},"excerpt":{"rendered":"<p><div class=\"et_pb_with_border et_pb_module dnxte_button dnxte_button_0\">\n\t\t\t\t\n\t\t\t\t\n\t\t\t\t\n\t\t\t\t\n\t\t\t\t\n\t\t\t\t\n\t\t\t\t<div class=\"et_pb_module_inner\">\n\t\t\t\t\t<div class=\"dnxt-button-wrapper dnxt_button_alignment_center\">\n\t\t\t\t<a class=\"dnxt-btn-icon  dnxt-hover-sweep-to-right\" href=\"\" target=\"_self\">About Us<i class=\"\">$<\/i><\/a>\n\t\t\t<\/div>\n\t\t\t\t<\/div>\n\t\t\t<\/div><div class=\"et_pb_module dnxte_button dnxte_button_1\">\n\t\t\t\t\n\t\t\t\t\n\t\t\t\t\n\t\t\t\t\n\t\t\t\t\n\t\t\t\t\n\t\t\t\t<div class=\"et_pb_module_inner\">\n\t\t\t\t\t<div class=\"dnxt-button-wrapper dnxt_button_alignment_\u00bbcenter\u00bb\">\n\t\t\t\t<a class=\"dnxt-btn-icon  \u00bbdnxt-hover-sweep-to-left\u00bb\" href=\"http:\/\/\u00bb\u00bb\" target=\"_self\">\u00bbInversionistas\u00bb<i class=\"\">$<\/i><\/a>\n\t\t\t<\/div>\n\t\t\t\t<\/div>\n\t\t\t<\/div><\/p>","protected":false},"author":1,"featured_media":0,"parent":0,"menu_order":0,"comment_status":"closed","ping_status":"closed","template":"","meta":{"_et_pb_use_builder":"on","_et_pb_old_content":"","_et_gb_content_width":"","footnotes":""},"class_list":["post-987512511","page","type-page","status-publish","hentry"],"yoast_head":"<!-- This site is optimized with the Yoast SEO plugin v27.4 - https:\/\/yoast.com\/product\/yoast-seo-wordpress\/ -->\n<title>Sobre nosotros | Proyecto Soto Norte<\/title>\n<meta name=\"description\" content=\"Aqu\u00ed encuentras nuestra misi\u00f3n, visi\u00f3n, valores entre otros. Tambi\u00e9n conoce a nuestro equipo, inversionistas y proveedores.\" \/>\n<meta name=\"robots\" content=\"index, follow, max-snippet:-1, max-image-preview:large, max-video-preview:-1\" \/>\n<link rel=\"canonical\" href=\"https:\/\/proyectosotonorte.com\/en\/sobre-nosotros\/\" \/>\n<meta property=\"og:locale\" content=\"en_US\" \/>\n<meta property=\"og:type\" content=\"article\" \/>\n<meta property=\"og:title\" content=\"Sobre nosotros | Proyecto Soto Norte\" \/>\n<meta property=\"og:description\" content=\"Aqu\u00ed encuentras nuestra misi\u00f3n, visi\u00f3n, valores entre otros. Tambi\u00e9n conoce a nuestro equipo, inversionistas y proveedores.\" \/>\n<meta property=\"og:url\" content=\"https:\/\/proyectosotonorte.com\/en\/sobre-nosotros\/\" \/>\n<meta property=\"og:site_name\" content=\"Proyecto Soto Norte\" \/>\n<meta property=\"article:publisher\" content=\"https:\/\/www.facebook.com\/ProSotoNorte\/\" \/>\n<meta property=\"article:modified_time\" content=\"2024-09-12T00:05:34+00:00\" \/>\n<meta property=\"og:image\" content=\"https:\/\/proyectosotonorte.com\/wp-content\/uploads\/logo-pequeno-PSN.webp\" \/>\n\t<meta property=\"og:image:width\" content=\"512\" \/>\n\t<meta property=\"og:image:height\" content=\"512\" \/>\n\t<meta property=\"og:image:type\" content=\"image\/webp\" \/>\n<meta name=\"twitter:card\" content=\"summary_large_image\" \/>\n<meta name=\"twitter:site\" content=\"@ProSotoNorte\" \/>\n<script type=\"application\/ld+json\" class=\"yoast-schema-graph\">{\"@context\":\"https:\\\/\\\/schema.org\",\"@graph\":[{\"@type\":\"WebPage\",\"@id\":\"https:\\\/\\\/proyectosotonorte.com\\\/sobre-nosotros\\\/\",\"url\":\"https:\\\/\\\/proyectosotonorte.com\\\/sobre-nosotros\\\/\",\"name\":\"Sobre nosotros | Proyecto Soto Norte\",\"isPartOf\":{\"@id\":\"https:\\\/\\\/proyectosotonorte.com\\\/#website\"},\"datePublished\":\"2023-08-18T22:16:53+00:00\",\"dateModified\":\"2024-09-12T00:05:34+00:00\",\"description\":\"Aqu\u00ed encuentras nuestra misi\u00f3n, visi\u00f3n, valores entre otros. Tambi\u00e9n conoce a nuestro equipo, inversionistas y proveedores.\",\"breadcrumb\":{\"@id\":\"https:\\\/\\\/proyectosotonorte.com\\\/sobre-nosotros\\\/#breadcrumb\"},\"inLanguage\":\"en-US\",\"potentialAction\":[{\"@type\":\"ReadAction\",\"target\":[\"https:\\\/\\\/proyectosotonorte.com\\\/sobre-nosotros\\\/\"]}]},{\"@type\":\"BreadcrumbList\",\"@id\":\"https:\\\/\\\/proyectosotonorte.com\\\/sobre-nosotros\\\/#breadcrumb\",\"itemListElement\":[{\"@type\":\"ListItem\",\"position\":1,\"name\":\"Portada\",\"item\":\"https:\\\/\\\/proyectosotonorte.com\\\/\"},{\"@type\":\"ListItem\",\"position\":2,\"name\":\"Sobre nosotros\"}]},{\"@type\":\"WebSite\",\"@id\":\"https:\\\/\\\/proyectosotonorte.com\\\/#website\",\"url\":\"https:\\\/\\\/proyectosotonorte.com\\\/\",\"name\":\"Proyecto Soto Norte\",\"description\":\"El Proyecto Soto Norte es una apuesta hist\u00f3rica en Santander para hacer miner\u00eda para la vida, concebida a partir de la sostenibilidad social que tiene a la conservaci\u00f3n del agua como principio rector, garantiza el desarrollo anticipado de la regi\u00f3n y preserva e impulsa el orgullo del territorio.\",\"publisher\":{\"@id\":\"https:\\\/\\\/proyectosotonorte.com\\\/#organization\"},\"potentialAction\":[{\"@type\":\"SearchAction\",\"target\":{\"@type\":\"EntryPoint\",\"urlTemplate\":\"https:\\\/\\\/proyectosotonorte.com\\\/?s={search_term_string}\"},\"query-input\":{\"@type\":\"PropertyValueSpecification\",\"valueRequired\":true,\"valueName\":\"search_term_string\"}}],\"inLanguage\":\"en-US\"},{\"@type\":\"Organization\",\"@id\":\"https:\\\/\\\/proyectosotonorte.com\\\/#organization\",\"name\":\"Proyecto Soto Norte\",\"alternateName\":\"El Proyecto Soto Norte es una apuesta hist\u00f3rica en Santander para hacer miner\u00eda para la vida, concebida a partir de la sostenibilidad social que tiene a la conservaci\u00f3n del agua como principio rector, garantiza el desarrollo anticipado de la regi\u00f3n y preserva e impulsa el orgullo del territorio.\",\"url\":\"https:\\\/\\\/proyectosotonorte.com\\\/\",\"logo\":{\"@type\":\"ImageObject\",\"inLanguage\":\"en-US\",\"@id\":\"https:\\\/\\\/proyectosotonorte.com\\\/#\\\/schema\\\/logo\\\/image\\\/\",\"url\":\"https:\\\/\\\/proyectosotonorte.com\\\/wp-content\\\/uploads\\\/cropped-logo-pequeno-PSN.webp\",\"contentUrl\":\"https:\\\/\\\/proyectosotonorte.com\\\/wp-content\\\/uploads\\\/cropped-logo-pequeno-PSN.webp\",\"width\":512,\"height\":512,\"caption\":\"Proyecto Soto Norte\"},\"image\":{\"@id\":\"https:\\\/\\\/proyectosotonorte.com\\\/#\\\/schema\\\/logo\\\/image\\\/\"},\"sameAs\":[\"https:\\\/\\\/www.facebook.com\\\/ProSotoNorte\\\/\",\"https:\\\/\\\/x.com\\\/ProSotoNorte\",\"https:\\\/\\\/www.instagram.com\\\/prosotonorte\\\/\"]}]}<\/script>\n<!-- \/ Yoast SEO plugin. -->","yoast_head_json":{"title":"Sobre nosotros | Proyecto Soto Norte","description":"Aqu\u00ed encuentras nuestra misi\u00f3n, visi\u00f3n, valores entre otros. Tambi\u00e9n conoce a nuestro equipo, inversionistas y proveedores.","robots":{"index":"index","follow":"follow","max-snippet":"max-snippet:-1","max-image-preview":"max-image-preview:large","max-video-preview":"max-video-preview:-1"},"canonical":"https:\/\/proyectosotonorte.com\/en\/sobre-nosotros\/","og_locale":"en_US","og_type":"article","og_title":"Sobre nosotros | Proyecto Soto Norte","og_description":"Aqu\u00ed encuentras nuestra misi\u00f3n, visi\u00f3n, valores entre otros. Tambi\u00e9n conoce a nuestro equipo, inversionistas y proveedores.","og_url":"https:\/\/proyectosotonorte.com\/en\/sobre-nosotros\/","og_site_name":"Proyecto Soto Norte","article_publisher":"https:\/\/www.facebook.com\/ProSotoNorte\/","article_modified_time":"2024-09-12T00:05:34+00:00","og_image":[{"width":512,"height":512,"url":"https:\/\/proyectosotonorte.com\/wp-content\/uploads\/logo-pequeno-PSN.webp","type":"image\/webp"}],"twitter_card":"summary_large_image","twitter_site":"@ProSotoNorte","schema":{"@context":"https:\/\/schema.org","@graph":[{"@type":"WebPage","@id":"https:\/\/proyectosotonorte.com\/sobre-nosotros\/","url":"https:\/\/proyectosotonorte.com\/sobre-nosotros\/","name":"Sobre nosotros | Proyecto Soto Norte","isPartOf":{"@id":"https:\/\/proyectosotonorte.com\/#website"},"datePublished":"2023-08-18T22:16:53+00:00","dateModified":"2024-09-12T00:05:34+00:00","description":"Aqu\u00ed encuentras nuestra misi\u00f3n, visi\u00f3n, valores entre otros. Tambi\u00e9n conoce a nuestro equipo, inversionistas y proveedores.","breadcrumb":{"@id":"https:\/\/proyectosotonorte.com\/sobre-nosotros\/#breadcrumb"},"inLanguage":"en-US","potentialAction":[{"@type":"ReadAction","target":["https:\/\/proyectosotonorte.com\/sobre-nosotros\/"]}]},{"@type":"BreadcrumbList","@id":"https:\/\/proyectosotonorte.com\/sobre-nosotros\/#breadcrumb","itemListElement":[{"@type":"ListItem","position":1,"name":"Portada","item":"https:\/\/proyectosotonorte.com\/"},{"@type":"ListItem","position":2,"name":"Sobre nosotros"}]},{"@type":"WebSite","@id":"https:\/\/proyectosotonorte.com\/#website","url":"https:\/\/proyectosotonorte.com\/","name":"Proyecto Soto Norte","description":"The Soto Norte Project (PSN for its acronym in Spanish) is a historic commitment in Santander to make mining for life, conceived from the social sustainability that has water conservation as a guiding principle, guarantees the anticipated development of the region and preserves and promotes the pride of the territory.","publisher":{"@id":"https:\/\/proyectosotonorte.com\/#organization"},"potentialAction":[{"@type":"SearchAction","target":{"@type":"EntryPoint","urlTemplate":"https:\/\/proyectosotonorte.com\/?s={search_term_string}"},"query-input":{"@type":"PropertyValueSpecification","valueRequired":true,"valueName":"search_term_string"}}],"inLanguage":"en-US"},{"@type":"Organization","@id":"https:\/\/proyectosotonorte.com\/#organization","name":"Proyecto Soto Norte","alternateName":"El Proyecto Soto Norte es una apuesta hist\u00f3rica en Santander para hacer miner\u00eda para la vida, concebida a partir de la sostenibilidad social que tiene a la conservaci\u00f3n del agua como principio rector, garantiza el desarrollo anticipado de la regi\u00f3n y preserva e impulsa el orgullo del territorio.","url":"https:\/\/proyectosotonorte.com\/","logo":{"@type":"ImageObject","inLanguage":"en-US","@id":"https:\/\/proyectosotonorte.com\/#\/schema\/logo\/image\/","url":"https:\/\/proyectosotonorte.com\/wp-content\/uploads\/cropped-logo-pequeno-PSN.webp","contentUrl":"https:\/\/proyectosotonorte.com\/wp-content\/uploads\/cropped-logo-pequeno-PSN.webp","width":512,"height":512,"caption":"Proyecto Soto Norte"},"image":{"@id":"https:\/\/proyectosotonorte.com\/#\/schema\/logo\/image\/"},"sameAs":["https:\/\/www.facebook.com\/ProSotoNorte\/","https:\/\/x.com\/ProSotoNorte","https:\/\/www.instagram.com\/prosotonorte\/"]}]}},"_links":{"self":[{"href":"https:\/\/proyectosotonorte.com\/en\/wp-json\/wp\/v2\/pages\/987512511","targetHints":{"allow":["GET"]}}],"collection":[{"href":"https:\/\/proyectosotonorte.com\/en\/wp-json\/wp\/v2\/pages"}],"about":[{"href":"https:\/\/proyectosotonorte.com\/en\/wp-json\/wp\/v2\/types\/page"}],"author":[{"embeddable":true,"href":"https:\/\/proyectosotonorte.com\/en\/wp-json\/wp\/v2\/users\/1"}],"replies":[{"embeddable":true,"href":"https:\/\/proyectosotonorte.com\/en\/wp-json\/wp\/v2\/comments?post=987512511"}],"version-history":[{"count":5,"href":"https:\/\/proyectosotonorte.com\/en\/wp-json\/wp\/v2\/pages\/987512511\/revisions"}],"predecessor-version":[{"id":987516136,"href":"https:\/\/proyectosotonorte.com\/en\/wp-json\/wp\/v2\/pages\/987512511\/revisions\/987516136"}],"wp:attachment":[{"href":"https:\/\/proyectosotonorte.com\/en\/wp-json\/wp\/v2\/media?parent=987512511"}],"curies":[{"name":"wp","href":"https:\/\/api.w.org\/{rel}","templated":true}]}}