{"id":987512530,"date":"2023-08-18T17:45:22","date_gmt":"2023-08-18T22:45:22","guid":{"rendered":"https:\/\/proyectosotonorte.com\/?page_id=987512530"},"modified":"2025-01-10T21:53:01","modified_gmt":"2025-01-11T02:53:01","slug":"inversionistas","status":"publish","type":"page","link":"https:\/\/proyectosotonorte.com\/en\/sobre-nosotros\/inversionistas\/","title":{"rendered":"Investors"},"content":{"rendered":"<p>[et_pb_section fb_built=\u00bb1&#8243; admin_label=\u00bbInversionistas\u00bb _builder_version=\u00bb4.20.4&#8243; _module_preset=\u00bbdefault\u00bb global_colors_info=\u00bb{}\u00bb][et_pb_row admin_label=\u00bbT\u00edtulo\u00bb _builder_version=\u00bb4.20.4&#8243; _module_preset=\u00bbdefault\u00bb global_colors_info=\u00bb{}\u00bb][et_pb_column type=\u00bb4_4&#8243; _builder_version=\u00bb4.20.4&#8243; _module_preset=\u00bbdefault\u00bb global_colors_info=\u00bb{}\u00bb][et_pb_text admin_label=\u00bbtexto\u00bb _builder_version=\u00bb4.22.1&#8243; _module_preset=\u00bbdefault\u00bb header_font=\u00bbFutura|500|||||||\u00bb header_text_color=\u00bb#0b3d5c\u00bb header_font_size=\u00bb35px\u00bb header_2_text_color=\u00bb#0b3d5c\u00bb header_2_font_size=\u00bb30px\u00bb transform_scale_tablet=\u00bb\u00bb transform_scale_phone=\u00bb\u00bb transform_scale_last_edited=\u00bbon|desktop\u00bb transform_translate_tablet=\u00bb\u00bb transform_translate_phone=\u00bb\u00bb transform_translate_last_edited=\u00bbon|phone\u00bb transform_translate_linked=\u00bboff\u00bb transform_rotate_tablet=\u00bb\u00bb transform_rotate_phone=\u00bb\u00bb transform_rotate_last_edited=\u00bbon|desktop\u00bb transform_skew_tablet=\u00bb\u00bb transform_skew_phone=\u00bb\u00bb transform_skew_last_edited=\u00bbon|desktop\u00bb transform_origin_tablet=\u00bb\u00bb transform_origin_phone=\u00bb\u00bb transform_origin_last_edited=\u00bbon|desktop\u00bb transform_styles_last_edited=\u00bbon|desktop\u00bb custom_margin_tablet=\u00bb\u00bb custom_margin_phone=\u00bb\u00bb custom_margin_last_edited=\u00bbon|phone\u00bb custom_padding=\u00bb0px|||0px|false|false\u00bb custom_padding_tablet=\u00bb0px|||0px|false|false\u00bb custom_padding_phone=\u00bb0px|||0px|false|false\u00bb custom_padding_last_edited=\u00bbon|desktop\u00bb header_font_size_tablet=\u00bb30px\u00bb header_font_size_phone=\u00bb25px\u00bb header_font_size_last_edited=\u00bbon|desktop\u00bb header_2_font_size_tablet=\u00bb26px\u00bb header_2_font_size_phone=\u00bb23px\u00bb header_2_font_size_last_edited=\u00bbon|phone\u00bb transform_styles_tablet=\u00bb\u00bb transform_styles_phone=\u00bb\u00bb border_color_left=\u00bb#0b3d5c\u00bb global_colors_info=\u00bb{}\u00bb transform_styles__hover_enabled=\u00bbon|hover\u00bb transform_scale__hover_enabled=\u00bbon|hover\u00bb transform_translate__hover_enabled=\u00bbon|desktop\u00bb transform_rotate__hover_enabled=\u00bbon|desktop\u00bb transform_skew__hover_enabled=\u00bbon|desktop\u00bb transform_origin__hover_enabled=\u00bbon|desktop\u00bb transform_translate__hover=\u00bb12px|0px\u00bb]<\/p>\n<h1>Inversionistas<\/h1>\n<p>[\/et_pb_text][\/et_pb_column][\/et_pb_row][et_pb_row column_structure=\u00bb1_2,1_2&#8243; make_equal=\u00bbon\u00bb admin_label=\u00bbAris-mubadala\u00bb _builder_version=\u00bb4.20.4&#8243; _module_preset=\u00bbdefault\u00bb global_colors_info=\u00bb{}\u00bb][et_pb_column type=\u00bb1_2&#8243; admin_label=\u00bbAris mining\u00bb _builder_version=\u00bb4.22.1&#8243; _module_preset=\u00bbdefault\u00bb background_color=\u00bb#0b3d5c\u00bb border_radii=\u00bbon|35px|35px|35px|35px\u00bb border_width_all=\u00bb1px\u00bb global_colors_info=\u00bb{}\u00bb][et_pb_image src=\u00bbhttps:\/\/proyectosotonorte.com\/wp-content\/uploads\/2023\/08\/logo-aris.png\u00bb title_text=\u00bblogo-aris\u00bb _builder_version=\u00bb4.22.1&#8243; _module_preset=\u00bbdefault\u00bb width=\u00bb44%\u00bb width_tablet=\u00bb30%\u00bb width_phone=\u00bb40%\u00bb width_last_edited=\u00bbon|phone\u00bb module_alignment=\u00bbcenter\u00bb custom_padding=\u00bb35px|||0px|false|false\u00bb global_colors_info=\u00bb{}\u00bb][\/et_pb_image][et_pb_text admin_label=\u00bbtexto\u00bb _builder_version=\u00bb4.25.1&#8243; _module_preset=\u00bbdefault\u00bb text_text_color=\u00bb#FFFFFF\u00bb text_font_size=\u00bb18px\u00bb header_font=\u00bbFutura|500|||||||\u00bb header_text_color=\u00bb#0b3d5c\u00bb header_font_size=\u00bb35px\u00bb header_2_text_color=\u00bb#0b3d5c\u00bb header_2_font_size=\u00bb30px\u00bb transform_scale_tablet=\u00bb\u00bb transform_scale_phone=\u00bb\u00bb transform_scale_last_edited=\u00bbon|desktop\u00bb transform_translate_tablet=\u00bb\u00bb transform_translate_phone=\u00bb\u00bb transform_translate_last_edited=\u00bbon|phone\u00bb transform_translate_linked=\u00bboff\u00bb transform_rotate_tablet=\u00bb\u00bb transform_rotate_phone=\u00bb\u00bb transform_rotate_last_edited=\u00bbon|desktop\u00bb transform_skew_tablet=\u00bb\u00bb transform_skew_phone=\u00bb\u00bb transform_skew_last_edited=\u00bbon|desktop\u00bb transform_origin_tablet=\u00bb\u00bb transform_origin_phone=\u00bb\u00bb transform_origin_last_edited=\u00bbon|desktop\u00bb transform_styles_last_edited=\u00bbon|desktop\u00bb width=\u00bb91%\u00bb width_tablet=\u00bb84%\u00bb width_phone=\u00bb84%\u00bb width_last_edited=\u00bbon|phone\u00bb module_alignment=\u00bbcenter\u00bb custom_margin_tablet=\u00bb0px||||false|false\u00bb custom_margin_phone=\u00bb0px|||0px|false|false\u00bb custom_margin_last_edited=\u00bbon|phone\u00bb custom_padding=\u00bb20px|15px|40px|15px|false|true\u00bb custom_padding_tablet=\u00bb|29px||29px|false|true\u00bb custom_padding_phone=\u00bb|30px||30px|false|true\u00bb custom_padding_last_edited=\u00bbon|desktop\u00bb text_font_size_tablet=\u00bb15px\u00bb text_font_size_phone=\u00bb14px\u00bb text_font_size_last_edited=\u00bbon|phone\u00bb header_font_size_tablet=\u00bb30px\u00bb header_font_size_phone=\u00bb25px\u00bb header_font_size_last_edited=\u00bbon|desktop\u00bb header_2_font_size_tablet=\u00bb26px\u00bb header_2_font_size_phone=\u00bb23px\u00bb header_2_font_size_last_edited=\u00bbon|phone\u00bb transform_styles_tablet=\u00bb\u00bb transform_styles_phone=\u00bb\u00bb border_color_left=\u00bb#0b3d5c\u00bb global_colors_info=\u00bb{}\u00bb transform_styles__hover_enabled=\u00bboff|desktop\u00bb transform_scale__hover_enabled=\u00bboff|desktop\u00bb transform_translate__hover_enabled=\u00bboff|desktop\u00bb transform_rotate__hover_enabled=\u00bboff|desktop\u00bb transform_skew__hover_enabled=\u00bboff|desktop\u00bb transform_origin__hover_enabled=\u00bboff|desktop\u00bb transform_translate__hover=\u00bb12px|0px\u00bb]<\/p>\n<p><span>Aris Mining Corporation es una empresa minera canadiense que cotiza en la bolsa de valores de Toronto y se ha convertido en uno de los l\u00edderes del sector minero colombiano. Actualmente, la compa\u00f1\u00eda opera las minas Segovia (Antioquia) y Marmato (Caldas) en Colombia, que juntas produjeron 226.000 onzas de oro en 2023, generando m\u00e1s de 3.460 empleos directos y 4.700 indirectos, y contribuyendo por concepto de impuestos y regal\u00edas m\u00e1s de $200 mil millones al pa\u00eds.<\/span><\/p>\n<p><span>En marzo de 2022, la empresa se convirti\u00f3 en operadora y propietaria del 20% del Proyecto Soto Norte, y en el primer semestre de 2024, confirm\u00f3 un acuerdo vinculante con MDC Industry Holding Company LLC (Mubadala), para adquirir una participaci\u00f3n adicional del 31% en la empresa Proyecto Soto Norte (PSN), convirti\u00e9ndose as\u00ed en el operador y mayor accionista con el 51%. Con un equipo minero operativo experimentado, Aris Mining plantea desarrollar un proyecto de menor escala, con una reducci\u00f3n en la huella ambiental y fundamentado en la formalizaci\u00f3n y la asociaci\u00f3n con los mineros artesanales y de peque\u00f1a escala.<\/span><\/p>\n<p>[\/et_pb_text][\/et_pb_column][et_pb_column type=\u00bb1_2&#8243; admin_label=\u00bbMubadala\u00bb _builder_version=\u00bb4.20.4&#8243; _module_preset=\u00bbdefault\u00bb global_colors_info=\u00bb{}\u00bb][et_pb_image src=\u00bbhttps:\/\/proyectosotonorte.com\/wp-content\/uploads\/2023\/08\/logo-mubadala.png\u00bb alt=\u00bbMubadala inversionista proyecto soto norte\u00bb title_text=\u00bblogo-mubadala\u00bb _builder_version=\u00bb4.25.1&#8243; _module_preset=\u00bbdefault\u00bb width=\u00bb44%\u00bb width_tablet=\u00bb30%\u00bb width_phone=\u00bb40%\u00bb width_last_edited=\u00bbon|phone\u00bb module_alignment=\u00bbcenter\u00bb custom_margin=\u00bb0px||||false|false\u00bb custom_margin_tablet=\u00bb0px||||false|false\u00bb custom_margin_phone=\u00bb0px||||false|false\u00bb custom_margin_last_edited=\u00bbon|phone\u00bb global_colors_info=\u00bb{}\u00bb][\/et_pb_image][et_pb_text admin_label=\u00bbtexto\u00bb _builder_version=\u00bb4.25.1&#8243; _module_preset=\u00bbdefault\u00bb text_text_color=\u00bb#0b3d5c\u00bb text_font_size=\u00bb18px\u00bb header_font=\u00bbFutura|500|||||||\u00bb header_text_color=\u00bb#0b3d5c\u00bb header_font_size=\u00bb35px\u00bb header_2_text_color=\u00bb#0b3d5c\u00bb header_2_font_size=\u00bb30px\u00bb transform_scale_tablet=\u00bb\u00bb transform_scale_phone=\u00bb\u00bb transform_scale_last_edited=\u00bbon|desktop\u00bb transform_translate_tablet=\u00bb\u00bb transform_translate_phone=\u00bb\u00bb transform_translate_last_edited=\u00bbon|tablet\u00bb transform_translate_linked=\u00bboff\u00bb transform_rotate_tablet=\u00bb\u00bb transform_rotate_phone=\u00bb\u00bb transform_rotate_last_edited=\u00bbon|desktop\u00bb transform_skew_tablet=\u00bb\u00bb transform_skew_phone=\u00bb\u00bb transform_skew_last_edited=\u00bbon|desktop\u00bb transform_origin_tablet=\u00bb\u00bb transform_origin_phone=\u00bb\u00bb transform_origin_last_edited=\u00bbon|desktop\u00bb transform_styles_last_edited=\u00bbon|tablet\u00bb width=\u00bb91%\u00bb width_tablet=\u00bb84%\u00bb width_phone=\u00bb84%\u00bb width_last_edited=\u00bbon|phone\u00bb module_alignment=\u00bbcenter\u00bb custom_margin=\u00bb0px||||false|false\u00bb custom_margin_tablet=\u00bb-67px||||false|false\u00bb custom_margin_phone=\u00bb-43px|||0px|false|false\u00bb custom_margin_last_edited=\u00bbon|desktop\u00bb custom_padding=\u00bb0px|11px|0px|11px|false|true\u00bb custom_padding_tablet=\u00bb0px|11px|0px|11px|false|true\u00bb custom_padding_phone=\u00bb0px|25px|0px|25px|false|true\u00bb custom_padding_last_edited=\u00bbon|tablet\u00bb text_font_size_tablet=\u00bb15px\u00bb text_font_size_phone=\u00bb14px\u00bb text_font_size_last_edited=\u00bbon|phone\u00bb header_font_size_tablet=\u00bb30px\u00bb header_font_size_phone=\u00bb25px\u00bb header_font_size_last_edited=\u00bbon|desktop\u00bb header_2_font_size_tablet=\u00bb26px\u00bb header_2_font_size_phone=\u00bb23px\u00bb header_2_font_size_last_edited=\u00bbon|phone\u00bb transform_styles_tablet=\u00bb\u00bb transform_styles_phone=\u00bb\u00bb border_color_left=\u00bb#0b3d5c\u00bb global_colors_info=\u00bb{}\u00bb transform_styles__hover_enabled=\u00bboff|desktop\u00bb transform_scale__hover_enabled=\u00bboff|desktop\u00bb transform_translate__hover_enabled=\u00bboff|desktop\u00bb transform_rotate__hover_enabled=\u00bboff|desktop\u00bb transform_skew__hover_enabled=\u00bboff|desktop\u00bb transform_origin__hover_enabled=\u00bboff|desktop\u00bb transform_translate__hover=\u00bb12px|0px\u00bb]<\/p>\n<p><span style=\"font-weight: 400;\">Mubadala administra de forma activa una cartera internacional de valores que respalda la visi\u00f3n de una econom\u00eda global integrada y diversificada, a trav\u00e9s de un retorno sostenible de la inversi\u00f3n para su accionista, el gobierno de Abu Dabi.<\/span><\/p>\n<p><span style=\"font-weight: 400;\">El portafolio de inversi\u00f3n de Mubadala abarca cuatro continentes y est\u00e1 concentrado en el sector aeroespacial, las TIC, semiconductores, metales y miner\u00eda, energ\u00eda renovable, petr\u00f3leo y gas, productos petroqu\u00edmicos, el mercado de servicios, salud, propiedad inmobiliaria, defensa, la industria farmac\u00e9utica y tecnolog\u00edas m\u00e9dicas, la agroindustria, y una cartera global de activos financieros.<\/span><\/p>\n<p><span style=\"font-weight: 400;\">Mubadala es un socio confiable, un accionista dedicado y una empresa con responsabilidad internacional, con un fuerte compromiso con los valores \u00e9ticos y el cumplimiento de normas de clase global.<\/span><\/p>\n<p>[\/et_pb_text][\/et_pb_column][\/et_pb_row][\/et_pb_section]<\/p>\n","protected":false},"excerpt":{"rendered":"<p>InversionistasAris Mining Corporation es una empresa minera canadiense que cotiza en la bolsa de valores de Toronto y se ha convertido en uno de los l\u00edderes del sector minero colombiano. Actualmente, la compa\u00f1\u00eda opera las minas Segovia (Antioquia) y Marmato (Caldas) en Colombia, que juntas produjeron 226.000 onzas de oro en 2023, generando m\u00e1s de [&hellip;]<\/p>\n","protected":false},"author":1,"featured_media":0,"parent":987512511,"menu_order":0,"comment_status":"closed","ping_status":"closed","template":"","meta":{"_et_pb_use_builder":"on","_et_pb_old_content":"","_et_gb_content_width":"","footnotes":""},"class_list":["post-987512530","page","type-page","status-publish","hentry"],"yoast_head":"<!-- This site is optimized with the Yoast SEO plugin v27.3 - https:\/\/yoast.com\/product\/yoast-seo-wordpress\/ -->\n<title>Inversionistas | Proyecto Soto Norte<\/title>\n<meta name=\"description\" content=\"Conoce m\u00e1s acerca de los inversionistas del Proyecto Soto Norte | Aris Mining: minera Canadiense y Mubadala: administradora de valores.\" \/>\n<meta name=\"robots\" content=\"index, follow, max-snippet:-1, max-image-preview:large, max-video-preview:-1\" \/>\n<link rel=\"canonical\" href=\"https:\/\/proyectosotonorte.com\/en\/sobre-nosotros\/inversionistas\/\" \/>\n<meta property=\"og:locale\" content=\"en_US\" \/>\n<meta property=\"og:type\" content=\"article\" \/>\n<meta property=\"og:title\" content=\"Inversionistas | Proyecto Soto Norte\" \/>\n<meta property=\"og:description\" content=\"Conoce m\u00e1s acerca de los inversionistas del Proyecto Soto Norte | Aris Mining: minera Canadiense y Mubadala: administradora de valores.\" \/>\n<meta property=\"og:url\" content=\"https:\/\/proyectosotonorte.com\/en\/sobre-nosotros\/inversionistas\/\" \/>\n<meta property=\"og:site_name\" content=\"Proyecto Soto Norte\" \/>\n<meta property=\"article:publisher\" content=\"https:\/\/www.facebook.com\/ProSotoNorte\/\" \/>\n<meta property=\"article:modified_time\" content=\"2025-01-11T02:53:01+00:00\" \/>\n<meta property=\"og:image\" content=\"https:\/\/proyectosotonorte.com\/wp-content\/uploads\/logo-pequeno-PSN.webp\" \/>\n\t<meta property=\"og:image:width\" content=\"512\" \/>\n\t<meta property=\"og:image:height\" content=\"512\" \/>\n\t<meta property=\"og:image:type\" content=\"image\/webp\" \/>\n<meta name=\"twitter:card\" content=\"summary_large_image\" \/>\n<meta name=\"twitter:site\" content=\"@ProSotoNorte\" \/>\n<meta name=\"twitter:label1\" content=\"Est. reading time\" \/>\n\t<meta name=\"twitter:data1\" content=\"2 minutes\" \/>\n<script type=\"application\/ld+json\" class=\"yoast-schema-graph\">{\"@context\":\"https:\\\/\\\/schema.org\",\"@graph\":[{\"@type\":\"WebPage\",\"@id\":\"https:\\\/\\\/proyectosotonorte.com\\\/sobre-nosotros\\\/inversionistas\\\/\",\"url\":\"https:\\\/\\\/proyectosotonorte.com\\\/sobre-nosotros\\\/inversionistas\\\/\",\"name\":\"Inversionistas | Proyecto Soto Norte\",\"isPartOf\":{\"@id\":\"https:\\\/\\\/proyectosotonorte.com\\\/#website\"},\"datePublished\":\"2023-08-18T22:45:22+00:00\",\"dateModified\":\"2025-01-11T02:53:01+00:00\",\"description\":\"Conoce m\u00e1s acerca de los inversionistas del Proyecto Soto Norte | Aris Mining: minera Canadiense y Mubadala: administradora de valores.\",\"breadcrumb\":{\"@id\":\"https:\\\/\\\/proyectosotonorte.com\\\/sobre-nosotros\\\/inversionistas\\\/#breadcrumb\"},\"inLanguage\":\"en-US\",\"potentialAction\":[{\"@type\":\"ReadAction\",\"target\":[\"https:\\\/\\\/proyectosotonorte.com\\\/sobre-nosotros\\\/inversionistas\\\/\"]}]},{\"@type\":\"BreadcrumbList\",\"@id\":\"https:\\\/\\\/proyectosotonorte.com\\\/sobre-nosotros\\\/inversionistas\\\/#breadcrumb\",\"itemListElement\":[{\"@type\":\"ListItem\",\"position\":1,\"name\":\"Portada\",\"item\":\"https:\\\/\\\/proyectosotonorte.com\\\/\"},{\"@type\":\"ListItem\",\"position\":2,\"name\":\"Sobre nosotros\",\"item\":\"https:\\\/\\\/proyectosotonorte.com\\\/sobre-nosotros\\\/\"},{\"@type\":\"ListItem\",\"position\":3,\"name\":\"Inversionistas\"}]},{\"@type\":\"WebSite\",\"@id\":\"https:\\\/\\\/proyectosotonorte.com\\\/#website\",\"url\":\"https:\\\/\\\/proyectosotonorte.com\\\/\",\"name\":\"Proyecto Soto Norte\",\"description\":\"El Proyecto Soto Norte es una apuesta hist\u00f3rica en Santander para hacer miner\u00eda para la vida, concebida a partir de la sostenibilidad social que tiene a la conservaci\u00f3n del agua como principio rector, garantiza el desarrollo anticipado de la regi\u00f3n y preserva e impulsa el orgullo del territorio.\",\"publisher\":{\"@id\":\"https:\\\/\\\/proyectosotonorte.com\\\/#organization\"},\"potentialAction\":[{\"@type\":\"SearchAction\",\"target\":{\"@type\":\"EntryPoint\",\"urlTemplate\":\"https:\\\/\\\/proyectosotonorte.com\\\/?s={search_term_string}\"},\"query-input\":{\"@type\":\"PropertyValueSpecification\",\"valueRequired\":true,\"valueName\":\"search_term_string\"}}],\"inLanguage\":\"en-US\"},{\"@type\":\"Organization\",\"@id\":\"https:\\\/\\\/proyectosotonorte.com\\\/#organization\",\"name\":\"Proyecto Soto Norte\",\"alternateName\":\"El Proyecto Soto Norte es una apuesta hist\u00f3rica en Santander para hacer miner\u00eda para la vida, concebida a partir de la sostenibilidad social que tiene a la conservaci\u00f3n del agua como principio rector, garantiza el desarrollo anticipado de la regi\u00f3n y preserva e impulsa el orgullo del territorio.\",\"url\":\"https:\\\/\\\/proyectosotonorte.com\\\/\",\"logo\":{\"@type\":\"ImageObject\",\"inLanguage\":\"en-US\",\"@id\":\"https:\\\/\\\/proyectosotonorte.com\\\/#\\\/schema\\\/logo\\\/image\\\/\",\"url\":\"https:\\\/\\\/proyectosotonorte.com\\\/wp-content\\\/uploads\\\/cropped-logo-pequeno-PSN.webp\",\"contentUrl\":\"https:\\\/\\\/proyectosotonorte.com\\\/wp-content\\\/uploads\\\/cropped-logo-pequeno-PSN.webp\",\"width\":512,\"height\":512,\"caption\":\"Proyecto Soto Norte\"},\"image\":{\"@id\":\"https:\\\/\\\/proyectosotonorte.com\\\/#\\\/schema\\\/logo\\\/image\\\/\"},\"sameAs\":[\"https:\\\/\\\/www.facebook.com\\\/ProSotoNorte\\\/\",\"https:\\\/\\\/x.com\\\/ProSotoNorte\",\"https:\\\/\\\/www.instagram.com\\\/prosotonorte\\\/\"]}]}<\/script>\n<!-- \/ Yoast SEO plugin. -->","yoast_head_json":{"title":"Inversionistas | Proyecto Soto Norte","description":"Conoce m\u00e1s acerca de los inversionistas del Proyecto Soto Norte | Aris Mining: minera Canadiense y Mubadala: administradora de valores.","robots":{"index":"index","follow":"follow","max-snippet":"max-snippet:-1","max-image-preview":"max-image-preview:large","max-video-preview":"max-video-preview:-1"},"canonical":"https:\/\/proyectosotonorte.com\/en\/sobre-nosotros\/inversionistas\/","og_locale":"en_US","og_type":"article","og_title":"Inversionistas | Proyecto Soto Norte","og_description":"Conoce m\u00e1s acerca de los inversionistas del Proyecto Soto Norte | Aris Mining: minera Canadiense y Mubadala: administradora de valores.","og_url":"https:\/\/proyectosotonorte.com\/en\/sobre-nosotros\/inversionistas\/","og_site_name":"Proyecto Soto Norte","article_publisher":"https:\/\/www.facebook.com\/ProSotoNorte\/","article_modified_time":"2025-01-11T02:53:01+00:00","og_image":[{"width":512,"height":512,"url":"https:\/\/proyectosotonorte.com\/wp-content\/uploads\/logo-pequeno-PSN.webp","type":"image\/webp"}],"twitter_card":"summary_large_image","twitter_site":"@ProSotoNorte","twitter_misc":{"Est. reading time":"2 minutes"},"schema":{"@context":"https:\/\/schema.org","@graph":[{"@type":"WebPage","@id":"https:\/\/proyectosotonorte.com\/sobre-nosotros\/inversionistas\/","url":"https:\/\/proyectosotonorte.com\/sobre-nosotros\/inversionistas\/","name":"Inversionistas | Proyecto Soto Norte","isPartOf":{"@id":"https:\/\/proyectosotonorte.com\/#website"},"datePublished":"2023-08-18T22:45:22+00:00","dateModified":"2025-01-11T02:53:01+00:00","description":"Conoce m\u00e1s acerca de los inversionistas del Proyecto Soto Norte | Aris Mining: minera Canadiense y Mubadala: administradora de valores.","breadcrumb":{"@id":"https:\/\/proyectosotonorte.com\/sobre-nosotros\/inversionistas\/#breadcrumb"},"inLanguage":"en-US","potentialAction":[{"@type":"ReadAction","target":["https:\/\/proyectosotonorte.com\/sobre-nosotros\/inversionistas\/"]}]},{"@type":"BreadcrumbList","@id":"https:\/\/proyectosotonorte.com\/sobre-nosotros\/inversionistas\/#breadcrumb","itemListElement":[{"@type":"ListItem","position":1,"name":"Portada","item":"https:\/\/proyectosotonorte.com\/"},{"@type":"ListItem","position":2,"name":"Sobre nosotros","item":"https:\/\/proyectosotonorte.com\/sobre-nosotros\/"},{"@type":"ListItem","position":3,"name":"Inversionistas"}]},{"@type":"WebSite","@id":"https:\/\/proyectosotonorte.com\/#website","url":"https:\/\/proyectosotonorte.com\/","name":"Proyecto Soto Norte","description":"The Soto Norte Project (PSN for its acronym in Spanish) is a historic commitment in Santander to make mining for life, conceived from the social sustainability that has water conservation as a guiding principle, guarantees the anticipated development of the region and preserves and promotes the pride of the territory.","publisher":{"@id":"https:\/\/proyectosotonorte.com\/#organization"},"potentialAction":[{"@type":"SearchAction","target":{"@type":"EntryPoint","urlTemplate":"https:\/\/proyectosotonorte.com\/?s={search_term_string}"},"query-input":{"@type":"PropertyValueSpecification","valueRequired":true,"valueName":"search_term_string"}}],"inLanguage":"en-US"},{"@type":"Organization","@id":"https:\/\/proyectosotonorte.com\/#organization","name":"Proyecto Soto Norte","alternateName":"El Proyecto Soto Norte es una apuesta hist\u00f3rica en Santander para hacer miner\u00eda para la vida, concebida a partir de la sostenibilidad social que tiene a la conservaci\u00f3n del agua como principio rector, garantiza el desarrollo anticipado de la regi\u00f3n y preserva e impulsa el orgullo del territorio.","url":"https:\/\/proyectosotonorte.com\/","logo":{"@type":"ImageObject","inLanguage":"en-US","@id":"https:\/\/proyectosotonorte.com\/#\/schema\/logo\/image\/","url":"https:\/\/proyectosotonorte.com\/wp-content\/uploads\/cropped-logo-pequeno-PSN.webp","contentUrl":"https:\/\/proyectosotonorte.com\/wp-content\/uploads\/cropped-logo-pequeno-PSN.webp","width":512,"height":512,"caption":"Proyecto Soto Norte"},"image":{"@id":"https:\/\/proyectosotonorte.com\/#\/schema\/logo\/image\/"},"sameAs":["https:\/\/www.facebook.com\/ProSotoNorte\/","https:\/\/x.com\/ProSotoNorte","https:\/\/www.instagram.com\/prosotonorte\/"]}]}},"_links":{"self":[{"href":"https:\/\/proyectosotonorte.com\/en\/wp-json\/wp\/v2\/pages\/987512530","targetHints":{"allow":["GET"]}}],"collection":[{"href":"https:\/\/proyectosotonorte.com\/en\/wp-json\/wp\/v2\/pages"}],"about":[{"href":"https:\/\/proyectosotonorte.com\/en\/wp-json\/wp\/v2\/types\/page"}],"author":[{"embeddable":true,"href":"https:\/\/proyectosotonorte.com\/en\/wp-json\/wp\/v2\/users\/1"}],"replies":[{"embeddable":true,"href":"https:\/\/proyectosotonorte.com\/en\/wp-json\/wp\/v2\/comments?post=987512530"}],"version-history":[{"count":6,"href":"https:\/\/proyectosotonorte.com\/en\/wp-json\/wp\/v2\/pages\/987512530\/revisions"}],"predecessor-version":[{"id":987516138,"href":"https:\/\/proyectosotonorte.com\/en\/wp-json\/wp\/v2\/pages\/987512530\/revisions\/987516138"}],"up":[{"embeddable":true,"href":"https:\/\/proyectosotonorte.com\/en\/wp-json\/wp\/v2\/pages\/987512511"}],"wp:attachment":[{"href":"https:\/\/proyectosotonorte.com\/en\/wp-json\/wp\/v2\/media?parent=987512530"}],"curies":[{"name":"wp","href":"https:\/\/api.w.org\/{rel}","templated":true}]}}