{"id":987512784,"date":"2023-09-05T12:22:57","date_gmt":"2023-09-05T17:22:57","guid":{"rendered":"https:\/\/proyectosotonorte.com\/?page_id=987512784"},"modified":"2023-09-05T13:14:48","modified_gmt":"2023-09-05T18:14:48","slug":"prueba-2","status":"publish","type":"page","link":"https:\/\/proyectosotonorte.com\/en\/prueba-2\/","title":{"rendered":"prueba"},"content":{"rendered":"<p>[et_pb_section fb_built=\u00bb1&#8243; theme_builder_area=\u00bbpost_content\u00bb _builder_version=\u00bb4.22.1&#8243; _module_preset=\u00bbdefault\u00bb][et_pb_row _builder_version=\u00bb4.22.1&#8243; _module_preset=\u00bbdefault\u00bb theme_builder_area=\u00bbpost_content\u00bb][et_pb_column _builder_version=\u00bb4.22.1&#8243; _module_preset=\u00bbdefault\u00bb type=\u00bb4_4&#8243; theme_builder_area=\u00bbpost_content\u00bb][dnxte_advanced_tab hover_effect=\u00bbdnxt-hover-bob-float\u00bb hover_animation_duration=\u00bb0.5&#8243; tab_hover_effect=\u00bbsweep-to-top\u00bb tab_container_bg_color=\u00bb#0b3d5c\u00bb tab_single_bg_color=\u00bb#0b3d5c\u00bb tab_active_bg_color=\u00bb#2a82aa\u00bb content_container_bg_color=\u00bb#e8e8e8&#8243; content_container_bg_color_tablet=\u00bb#e8e8e8&#8243; content_container_bg_color_phone=\u00bb#e8e8e8&#8243; content_container_bg_color_last_edited=\u00bbon|desktop\u00bb admin_label=\u00bbtabla 1&#8243; _builder_version=\u00bb4.22.1&#8243; _module_preset=\u00bbdefault\u00bb tab_title_text_align=\u00bbcenter\u00bb tab_title_text_color=\u00bb#FFFFFF\u00bb tab_title_font_size=\u00bb22px\u00bb body_title_text_color=\u00bb#FFFFFF\u00bb body_description_text_align=\u00bbcenter\u00bb body_description_text_color=\u00bb#0b3d5c\u00bb body_description_font_size=\u00bb23px\u00bb background_color=\u00bb#e8e8e8&#8243; tab_title_font_size_tablet=\u00bb20px\u00bb tab_title_font_size_phone=\u00bb18px\u00bb tab_title_font_size_last_edited=\u00bbon|phone\u00bb body_description_text_align_last_edited=\u00bboff|phone\u00bb body_description_font_size_tablet=\u00bb20px\u00bb body_description_font_size_phone=\u00bb16px\u00bb body_description_font_size_last_edited=\u00bbon|phone\u00bb border_width_all_tab=\u00bb1px\u00bb border_color_all_tab=\u00bb#FFFFFF\u00bb box_shadow_style_tab_active=\u00bbpreset3&#8243; global_colors_info=\u00bb{}\u00bb content_container_bg_enable_color_phone=\u00bbon\u00bb content_container_bg_enable_color_tablet=\u00bbon\u00bb theme_builder_area=\u00bbpost_content\u00bb hover_enabled=\u00bb0&#8243; sticky_enabled=\u00bb0&#8243;][dnxte_advanced_tab_item admin_label_text=\u00bb54 j\u00f3venes\u00bb tab_title=\u00bbvideo\u00bb active_on_load=\u00bbon\u00bb tab_icon=\u00bbP||divi||400&#8243; tab_icon_active=\u00bb1||divi||400&#8243; body_description=\u00bb<iframe width=%22560%22 height=%22315%22 src=%22https:\/\/www.youtube.com\/embed\/rTf2Xb92xbI?si=BTHXwmjGKTUYo5BT%22 title=%22YouTube video player%22 frameborder=%220%22 allow=%22accelerometer; autoplay; clipboard-write; encrypted-media; gyroscope; picture-in-picture; web-share%22 allowfullscreen><\/iframe>\u00bb tab_item_padding=\u00bb||||false|false\u00bb tab_title_padding=\u00bb31px||31px||true|false\u00bb body_description_margin=\u00bb0|0|0px|0|false|false\u00bb body_description_padding=\u00bb15px|135px|15px|135px|true|true\u00bb content_bg_color=\u00bb#FFFFFF\u00bb tab_title_padding_tablet=\u00bb28px||28px||true|false\u00bb tab_title_padding_phone=\u00bb8px||8px||true|false\u00bb tab_title_padding_last_edited=\u00bbon|tablet\u00bb body_description_padding_tablet=\u00bb|100px||100px|true|true\u00bb body_description_padding_phone=\u00bb|0px||0px|false|true\u00bb body_description_padding_last_edited=\u00bbon|tablet\u00bb content_bg_color_last_edited=\u00bboff|desktop\u00bb _builder_version=\u00bb4.22.1&#8243; _module_preset=\u00bbdefault\u00bb default_text_color=\u00bb#0b3d5c\u00bb description_text_color=\u00bb#0b3d5c\u00bb description_line_height=\u00bb1.3em\u00bb tab_title_text_align=\u00bbcenter\u00bb description_line_height_tablet=\u00bb1.3em\u00bb description_line_height_phone=\u00bb1.3em\u00bb description_line_height_last_edited=\u00bbon|desktop\u00bb border_color_all_body=\u00bb#2a82aa\u00bb global_colors_info=\u00bb{}\u00bb theme_builder_area=\u00bbpost_content\u00bb hover_enabled=\u00bb0&#8243; sticky_enabled=\u00bb0&#8243;][\/dnxte_advanced_tab_item][dnxte_advanced_tab_item admin_label_text=\u00bb1.500 ni\u00f1os, ni\u00f1as y adolescentes\u00bb tab_title=\u00bbimagenes\u00bb active_on_load=\u00bbon\u00bb tab_icon=\u00bbP||divi||400&#8243; tab_icon_active=\u00bb1||divi||400&#8243; body_description=\u00bb<\/p>\n<p><img src=%22https:\/\/proyectosotonorte.com\/wp-content\/uploads\/2023\/08\/Alianza-24-1024x683.webp%22 width=%221024%22 height=%22683%22 alt=%22%22 class=%22wp-image-987512646 aligncenter size-large%22 \/> <img src=%22https:\/\/proyectosotonorte.com\/wp-content\/uploads\/2023\/08\/Alianza-23-1024x683.webp%22 width=%221024%22 height=%22683%22 alt=%22%22 class=%22wp-image-987512645 aligncenter size-large%22 \/> <img src=%22https:\/\/proyectosotonorte.com\/wp-content\/uploads\/2023\/08\/Alianza-22-1024x683.webp%22 width=%221024%22 height=%22683%22 alt=%22%22 class=%22wp-image-987512644 aligncenter size-large%22 \/> <img src=%22https:\/\/proyectosotonorte.com\/wp-content\/uploads\/2023\/08\/Alianza-21-1024x683.webp%22 width=%221024%22 height=%22683%22 alt=%22%22 class=%22wp-image-987512643 aligncenter size-large%22 \/><\/p>\n<p>\u00bb tab_item_padding=\u00bb||||false|false\u00bb tab_title_padding=\u00bb12px||12px||true|false\u00bb body_description_margin=\u00bb0|0|20px|0||false\u00bb body_description_padding=\u00bb15px|135px|15px|135px|true|true\u00bb tab_title_padding_tablet=\u00bb13px||13px||true|false\u00bb tab_title_padding_phone=\u00bb8px||8px||true|false\u00bb tab_title_padding_last_edited=\u00bbon|phone\u00bb body_description_padding_tablet=\u00bb15px|100px||100px|false|true\u00bb body_description_padding_phone=\u00bb|0px||0px|false|true\u00bb body_description_padding_last_edited=\u00bbon|desktop\u00bb _builder_version=\u00bb4.22.1&#8243; _module_preset=\u00bbdefault\u00bb default_text_color=\u00bb#0b3d5c\u00bb description_text_color=\u00bb#0b3d5c\u00bb description_line_height=\u00bb1.3em\u00bb tab_title_text_align=\u00bbcenter\u00bb tab_title_font_size=\u00bb20px\u00bb description_line_height_tablet=\u00bb1.3em\u00bb description_line_height_phone=\u00bb1.3em\u00bb description_line_height_last_edited=\u00bbon|desktop\u00bb tab_title_font_size_tablet=\u00bb20px\u00bb tab_title_font_size_phone=\u00bb20px\u00bb tab_title_font_size_last_edited=\u00bbon|desktop\u00bb border_color_all_body=\u00bb#2a82aa\u00bb global_colors_info=\u00bb{}\u00bb theme_builder_area=\u00bbpost_content\u00bb hover_enabled=\u00bb0&#8243; sticky_enabled=\u00bb0&#8243;][\/dnxte_advanced_tab_item][dnxte_advanced_tab_item admin_label_text=\u00bb12 zonas wifi\u00bb tab_title=\u00bbpdf\u00bb active_on_load=\u00bbon\u00bb tab_icon=\u00bbP||divi||400&#8243; tab_icon_active=\u00bb1||divi||400&#8243; body_description=\u00bb<\/p>\n<p><a href=%22https:\/\/proyectosotonorte.com\/wp-content\/uploads\/2023\/09\/COMUNICADO-DE-PRENSA-PEDAGOGICO-.pdf%22 rel=%22attachment wp-att-987512790%22>COMUNICADO DE PRENSA PEDAGOGI\u0301CO<\/a><\/p>\n<p><a href=%22https:\/\/proyectosotonorte.com\/wp-content\/uploads\/2023\/09\/COMUNICADO-DE-PRENSA-PEDAGOGICO-.pdf%22><img src=%22https:\/\/proyectosotonorte.com\/wp-content\/uploads\/2023\/08\/principios-de-codigo-de-conducta-1-942x1024.png%22 width=%22942%22 height=%221024%22 alt=%22%22 class=%22wp-image-987512712 aligncenter size-large%22 \/><\/a><\/p>\n<p>\u00bb tab_item_padding=\u00bb||||false|false\u00bb tab_title_padding=\u00bb31px||31px||true|false\u00bb body_description_margin=\u00bb0|0|20px|0||false\u00bb body_description_padding=\u00bb15px|135px|15px|135px|true|true\u00bb content_bg_color=\u00bb#FFFFFF\u00bb tab_title_padding_tablet=\u00bb31px||31px||true|false\u00bb tab_title_padding_phone=\u00bb8px||8px||true|false\u00bb tab_title_padding_last_edited=\u00bbon|tablet\u00bb body_description_padding_tablet=\u00bb15px|100px||100px|false|true\u00bb body_description_padding_phone=\u00bb|0px||0px|false|true\u00bb body_description_padding_last_edited=\u00bbon|desktop\u00bb _builder_version=\u00bb4.22.1&#8243; _module_preset=\u00bbdefault\u00bb default_text_color=\u00bb#0b3d5c\u00bb description_text_color=\u00bb#0b3d5c\u00bb description_line_height=\u00bb1.3em\u00bb tab_title_text_align=\u00bbcenter\u00bb description_line_height_tablet=\u00bb1.3em\u00bb description_line_height_phone=\u00bb1.3em\u00bb description_line_height_last_edited=\u00bbon|desktop\u00bb border_color_all_body=\u00bb#2a82aa\u00bb global_colors_info=\u00bb{}\u00bb theme_builder_area=\u00bbpost_content\u00bb hover_enabled=\u00bb0&#8243; sticky_enabled=\u00bb0&#8243;][\/dnxte_advanced_tab_item][dnxte_advanced_tab_item admin_label_text=\u00bbEn 2020&#8243; tab_title=\u00bbEn 2020&#8243; active_on_load=\u00bbon\u00bb tab_icon=\u00bbP||divi||400&#8243; tab_icon_active=\u00bb1||divi||400&#8243; body_description=\u00bb<\/p>\n<p><span style=%22font-weight: 400;%22>durante la pandemia, no dejamos que ning\u00fan menor de California se desescolarizara y por eso habilitamos un canal educativo<\/span><span style=%22font-weight: 400;%22>.<\/span><\/p>\n<p>\u00bb tab_item_padding=\u00bb||||false|false\u00bb tab_title_padding=\u00bb31px||31px||true|false\u00bb body_description_margin=\u00bb0|0|0px|0|false|false\u00bb body_description_padding=\u00bb15px|135px|15px|135px|true|true\u00bb content_bg_color=\u00bb#FFFFFF\u00bb tab_title_padding_tablet=\u00bb42px||42px||true|false\u00bb tab_title_padding_phone=\u00bb8px||8px||true|false\u00bb tab_title_padding_last_edited=\u00bbon|tablet\u00bb body_description_padding_tablet=\u00bb15px|100px||100px|false|true\u00bb body_description_padding_phone=\u00bb|0px||0px|false|true\u00bb body_description_padding_last_edited=\u00bbon|tablet\u00bb _builder_version=\u00bb4.20.4&#8243; _module_preset=\u00bbdefault\u00bb default_text_color=\u00bb#0b3d5c\u00bb description_text_color=\u00bb#0b3d5c\u00bb description_line_height=\u00bb1.3em\u00bb tab_title_text_align=\u00bbcenter\u00bb description_line_height_tablet=\u00bb1.3em\u00bb description_line_height_phone=\u00bb1.3em\u00bb description_line_height_last_edited=\u00bbon|desktop\u00bb border_color_all_body=\u00bb#2a82aa\u00bb global_colors_info=\u00bb{}\u00bb theme_builder_area=\u00bbpost_content\u00bb][\/dnxte_advanced_tab_item][dnxte_advanced_tab_item admin_label_text=\u00bb3.300 menores\u00bb tab_title=\u00bb3.300 menores\u00bb active_on_load=\u00bbon\u00bb tab_icon=\u00bbP||divi||400&#8243; tab_icon_active=\u00bb1||divi||400&#8243; body_description=\u00bb<\/p>\n<p><span style=%22font-weight: 400;%22>han recibido acompa\u00f1amiento psicosocial. <\/span><\/p>\n<p>\u00bb tab_item_padding=\u00bb||||false|false\u00bb tab_title_padding=\u00bb34px||34px||true|false\u00bb body_description_margin=\u00bb0|0|0px|0|false|false\u00bb body_description_padding=\u00bb15px|135px|15px|135px|true|true\u00bb content_bg_color=\u00bb#FFFFFF\u00bb tab_title_padding_tablet=\u00bb33px||33px||true|false\u00bb tab_title_padding_phone=\u00bb8px||8px||true|false\u00bb tab_title_padding_last_edited=\u00bbon|tablet\u00bb body_description_padding_tablet=\u00bb15px|100px||100px|false|true\u00bb body_description_padding_phone=\u00bb|0px||0px|false|true\u00bb body_description_padding_last_edited=\u00bbon|tablet\u00bb _builder_version=\u00bb4.20.4&#8243; _module_preset=\u00bbdefault\u00bb default_text_color=\u00bb#0b3d5c\u00bb description_text_color=\u00bb#0b3d5c\u00bb tab_title_text_align=\u00bbcenter\u00bb border_color_all_body=\u00bb#2a82aa\u00bb global_colors_info=\u00bb{}\u00bb theme_builder_area=\u00bbpost_content\u00bb][\/dnxte_advanced_tab_item][\/dnxte_advanced_tab][et_pb_code _builder_version=\u00bb4.22.1&#8243; _module_preset=\u00bbdefault\u00bb theme_builder_area=\u00bbpost_content\u00bb hover_enabled=\u00bb0&#8243; sticky_enabled=\u00bb0&#8243;][\/et_pb_code][\/et_pb_column][\/et_pb_row][\/et_pb_section]<\/p>\n","protected":false},"excerpt":{"rendered":"<p><div class=\"et_pb_with_border et_pb_module dnxte_advanced_tab dnxte_advanced_tab_0\">\n\t\t\t\t\n\t\t\t\t\n\t\t\t\t\n\t\t\t\t\n\t\t\t\t\n\t\t\t\t\n\t\t\t\t<div class=\"et_pb_module_inner\">\n\t\t\t\t\t<div class=\"tab-container dnxte_tab_wrapper\">\n            <div class=\"dnxte_tab_menu\" data-tab-effect=\"sweep-to-top\">\n               <ul><\/ul>\n            <\/div>\n            <div class=\"dnxte_body_content_wrapper\">\n                \n            <\/div>\n            <\/div>\n\t\t\t\t<\/div>\n\t\t\t<\/div><div class=\"et_pb_module dnxte_advanced_tab_item dnxte_advanced_tab_item_0\">\n\t\t\t\t\n\t\t\t\t\n\t\t\t\t\n\t\t\t\t\n\t\t\t\t\n\t\t\t\t\n\t\t\t\t<div class=\"et_pb_module_inner\">\n\t\t\t\t\t<div class=\"dnxte_tab_content\" data-id=\"dnxte_advanced_tab_item_0\">\n                \n                <div class=\"dnxte_tab_content_slidebar_two\">\n                            \n                            <div class=\"dnxte_tab_content_pra\">\u00bb\u00bb<\/div>\n                            \n                        <\/div>\n            <\/div>\n\t\t\t\t<\/div>\n\t\t\t<\/div><\/p>","protected":false},"author":1,"featured_media":0,"parent":0,"menu_order":0,"comment_status":"closed","ping_status":"closed","template":"","meta":{"_et_pb_use_builder":"on","_et_pb_old_content":"<!-- wp:pdfp\/pdfposter {\"file\":\"https:\/\/proyectosotonorte.com\/wp-content\/uploads\/2023\/09\/COMUNICADO-DE-PRENSA-PEDAGOGICO-.pdf\"} \/-->","_et_gb_content_width":"","footnotes":""},"class_list":["post-987512784","page","type-page","status-publish","hentry"],"yoast_head":"<!-- This site is optimized with the Yoast SEO plugin v27.5 - https:\/\/yoast.com\/product\/yoast-seo-wordpress\/ -->\n<title>prueba | Proyecto Soto Norte<\/title>\n<meta name=\"robots\" content=\"index, follow, max-snippet:-1, max-image-preview:large, max-video-preview:-1\" \/>\n<link rel=\"canonical\" href=\"https:\/\/proyectosotonorte.com\/en\/prueba-2\/\" \/>\n<meta property=\"og:locale\" content=\"en_US\" \/>\n<meta property=\"og:type\" content=\"article\" \/>\n<meta property=\"og:title\" content=\"prueba | Proyecto Soto Norte\" \/>\n<meta property=\"og:url\" content=\"https:\/\/proyectosotonorte.com\/en\/prueba-2\/\" \/>\n<meta property=\"og:site_name\" content=\"Proyecto Soto Norte\" \/>\n<meta property=\"article:publisher\" content=\"https:\/\/www.facebook.com\/ProSotoNorte\/\" \/>\n<meta property=\"article:modified_time\" content=\"2023-09-05T18:14:48+00:00\" \/>\n<meta property=\"og:image\" content=\"https:\/\/proyectosotonorte.com\/wp-content\/uploads\/logo-pequeno-PSN.webp\" \/>\n\t<meta property=\"og:image:width\" content=\"512\" \/>\n\t<meta property=\"og:image:height\" content=\"512\" \/>\n\t<meta property=\"og:image:type\" content=\"image\/webp\" \/>\n<meta name=\"twitter:card\" content=\"summary_large_image\" \/>\n<meta name=\"twitter:description\" content=\"[dnxte_advanced_tab hover_effect=&quot;dnxt-hover-bob-float&quot; hover_animation_duration=&quot;0.5&quot; tab_hover_effect=&quot;sweep-to-top&quot; tab_container_bg_color=&quot;#0b3d5c&quot; tab_single_bg_color=&quot;#0b3d5c&quot; tab_active_bg_color=&quot;#2a82aa&quot; content_container_bg_color=&quot;#e8e8e8&quot; content_container_bg_color_tablet=&quot;#e8e8e8&quot; content_container_bg_color_phone=&quot;#e8e8e8&quot; content_container_bg_color_last_edited=&quot;on|desktop&quot; admin_label=&quot;tabla 1&quot; _builder_version=&quot;4.22.1&quot; _module_preset=&quot;default&quot; tab_title_text_align=&quot;center&quot; tab_title_text_color=&quot;#FFFFFF&quot; tab_title_font_size=&quot;22px&quot; body_title_text_color=&quot;#FFFFFF&quot; body_description_text_align=&quot;center&quot; body_description_text_color=&quot;#0b3d5c&quot; body_description_font_size=&quot;23px&quot; background_color=&quot;#e8e8e8&quot; tab_title_font_size_tablet=&quot;20px&quot; tab_title_font_size_phone=&quot;18px&quot; tab_title_font_size_last_edited=&quot;on|phone&quot; body_description_text_align_last_edited=&quot;off|phone&quot; body_description_font_size_tablet=&quot;20px&quot; body_description_font_size_phone=&quot;16px&quot; body_description_font_size_last_edited=&quot;on|phone&quot; border_width_all_tab=&quot;1px&quot; border_color_all_tab=&quot;#FFFFFF&quot; box_shadow_style_tab_active=&quot;preset3&quot; global_colors_info=&quot;{}&quot; content_container_bg_enable_color_phone=&quot;on&quot; content_container_bg_enable_color_tablet=&quot;on&quot; theme_builder_area=&quot;post_content&quot; hover_enabled=&quot;0&quot; sticky_enabled=&quot;0&quot;][dnxte_advanced_tab_item admin_label_text=&quot;54 j\u00f3venes&quot; tab_title=&quot;video&quot; active_on_load=&quot;on&quot; tab_icon=&quot;P||divi||400&quot; tab_icon_active=&quot;1||divi||400&quot; body_description=&quot;&quot; tab_item_padding=&quot;||||false|false&quot; tab_title_padding=&quot;31px||31px||true|false&quot; body_description_margin=&quot;0|0|0px|0|false|false&quot; body_description_padding=&quot;15px|135px|15px|135px|true|true&quot; content_bg_color=&quot;#FFFFFF&quot; tab_title_padding_tablet=&quot;28px||28px||true|false&quot; tab_title_padding_phone=&quot;8px||8px||true|false&quot; tab_title_padding_last_edited=&quot;on|tablet&quot; body_description_padding_tablet=&quot;|100px||100px|true|true&quot; [&hellip;]\" \/>\n<meta name=\"twitter:site\" content=\"@ProSotoNorte\" \/>\n<meta name=\"twitter:label1\" content=\"Est. reading time\" \/>\n\t<meta name=\"twitter:data1\" content=\"1 minute\" \/>\n<script type=\"application\/ld+json\" class=\"yoast-schema-graph\">{\"@context\":\"https:\\\/\\\/schema.org\",\"@graph\":[{\"@type\":\"WebPage\",\"@id\":\"https:\\\/\\\/proyectosotonorte.com\\\/prueba-2\\\/\",\"url\":\"https:\\\/\\\/proyectosotonorte.com\\\/prueba-2\\\/\",\"name\":\"prueba | Proyecto Soto Norte\",\"isPartOf\":{\"@id\":\"https:\\\/\\\/proyectosotonorte.com\\\/#website\"},\"datePublished\":\"2023-09-05T17:22:57+00:00\",\"dateModified\":\"2023-09-05T18:14:48+00:00\",\"breadcrumb\":{\"@id\":\"https:\\\/\\\/proyectosotonorte.com\\\/prueba-2\\\/#breadcrumb\"},\"inLanguage\":\"en-US\",\"potentialAction\":[{\"@type\":\"ReadAction\",\"target\":[\"https:\\\/\\\/proyectosotonorte.com\\\/prueba-2\\\/\"]}]},{\"@type\":\"BreadcrumbList\",\"@id\":\"https:\\\/\\\/proyectosotonorte.com\\\/prueba-2\\\/#breadcrumb\",\"itemListElement\":[{\"@type\":\"ListItem\",\"position\":1,\"name\":\"Portada\",\"item\":\"https:\\\/\\\/proyectosotonorte.com\\\/\"},{\"@type\":\"ListItem\",\"position\":2,\"name\":\"prueba\"}]},{\"@type\":\"WebSite\",\"@id\":\"https:\\\/\\\/proyectosotonorte.com\\\/#website\",\"url\":\"https:\\\/\\\/proyectosotonorte.com\\\/\",\"name\":\"Proyecto Soto Norte\",\"description\":\"El Proyecto Soto Norte es una apuesta hist\u00f3rica en Santander para hacer miner\u00eda para la vida, concebida a partir de la sostenibilidad social que tiene a la conservaci\u00f3n del agua como principio rector, garantiza el desarrollo anticipado de la regi\u00f3n y preserva e impulsa el orgullo del territorio.\",\"publisher\":{\"@id\":\"https:\\\/\\\/proyectosotonorte.com\\\/#organization\"},\"potentialAction\":[{\"@type\":\"SearchAction\",\"target\":{\"@type\":\"EntryPoint\",\"urlTemplate\":\"https:\\\/\\\/proyectosotonorte.com\\\/?s={search_term_string}\"},\"query-input\":{\"@type\":\"PropertyValueSpecification\",\"valueRequired\":true,\"valueName\":\"search_term_string\"}}],\"inLanguage\":\"en-US\"},{\"@type\":\"Organization\",\"@id\":\"https:\\\/\\\/proyectosotonorte.com\\\/#organization\",\"name\":\"Proyecto Soto Norte\",\"alternateName\":\"El Proyecto Soto Norte es una apuesta hist\u00f3rica en Santander para hacer miner\u00eda para la vida, concebida a partir de la sostenibilidad social que tiene a la conservaci\u00f3n del agua como principio rector, garantiza el desarrollo anticipado de la regi\u00f3n y preserva e impulsa el orgullo del territorio.\",\"url\":\"https:\\\/\\\/proyectosotonorte.com\\\/\",\"logo\":{\"@type\":\"ImageObject\",\"inLanguage\":\"en-US\",\"@id\":\"https:\\\/\\\/proyectosotonorte.com\\\/#\\\/schema\\\/logo\\\/image\\\/\",\"url\":\"https:\\\/\\\/proyectosotonorte.com\\\/wp-content\\\/uploads\\\/cropped-logo-pequeno-PSN.webp\",\"contentUrl\":\"https:\\\/\\\/proyectosotonorte.com\\\/wp-content\\\/uploads\\\/cropped-logo-pequeno-PSN.webp\",\"width\":512,\"height\":512,\"caption\":\"Proyecto Soto Norte\"},\"image\":{\"@id\":\"https:\\\/\\\/proyectosotonorte.com\\\/#\\\/schema\\\/logo\\\/image\\\/\"},\"sameAs\":[\"https:\\\/\\\/www.facebook.com\\\/ProSotoNorte\\\/\",\"https:\\\/\\\/x.com\\\/ProSotoNorte\",\"https:\\\/\\\/www.instagram.com\\\/prosotonorte\\\/\"]}]}<\/script>\n<!-- \/ Yoast SEO plugin. -->","yoast_head_json":{"title":"prueba | Proyecto Soto Norte","robots":{"index":"index","follow":"follow","max-snippet":"max-snippet:-1","max-image-preview":"max-image-preview:large","max-video-preview":"max-video-preview:-1"},"canonical":"https:\/\/proyectosotonorte.com\/en\/prueba-2\/","og_locale":"en_US","og_type":"article","og_title":"prueba | Proyecto Soto Norte","og_url":"https:\/\/proyectosotonorte.com\/en\/prueba-2\/","og_site_name":"Proyecto Soto Norte","article_publisher":"https:\/\/www.facebook.com\/ProSotoNorte\/","article_modified_time":"2023-09-05T18:14:48+00:00","og_image":[{"width":512,"height":512,"url":"https:\/\/proyectosotonorte.com\/wp-content\/uploads\/logo-pequeno-PSN.webp","type":"image\/webp"}],"twitter_card":"summary_large_image","twitter_description":"[dnxte_advanced_tab hover_effect=\"dnxt-hover-bob-float\" hover_animation_duration=\"0.5\" tab_hover_effect=\"sweep-to-top\" tab_container_bg_color=\"#0b3d5c\" tab_single_bg_color=\"#0b3d5c\" tab_active_bg_color=\"#2a82aa\" content_container_bg_color=\"#e8e8e8\" content_container_bg_color_tablet=\"#e8e8e8\" content_container_bg_color_phone=\"#e8e8e8\" content_container_bg_color_last_edited=\"on|desktop\" admin_label=\"tabla 1\" _builder_version=\"4.22.1\" _module_preset=\"default\" tab_title_text_align=\"center\" tab_title_text_color=\"#FFFFFF\" tab_title_font_size=\"22px\" body_title_text_color=\"#FFFFFF\" body_description_text_align=\"center\" body_description_text_color=\"#0b3d5c\" body_description_font_size=\"23px\" background_color=\"#e8e8e8\" tab_title_font_size_tablet=\"20px\" tab_title_font_size_phone=\"18px\" tab_title_font_size_last_edited=\"on|phone\" body_description_text_align_last_edited=\"off|phone\" body_description_font_size_tablet=\"20px\" body_description_font_size_phone=\"16px\" body_description_font_size_last_edited=\"on|phone\" border_width_all_tab=\"1px\" border_color_all_tab=\"#FFFFFF\" box_shadow_style_tab_active=\"preset3\" global_colors_info=\"{}\" content_container_bg_enable_color_phone=\"on\" content_container_bg_enable_color_tablet=\"on\" theme_builder_area=\"post_content\" hover_enabled=\"0\" sticky_enabled=\"0\"][dnxte_advanced_tab_item admin_label_text=\"54 j\u00f3venes\" tab_title=\"video\" active_on_load=\"on\" tab_icon=\"P||divi||400\" tab_icon_active=\"1||divi||400\" body_description=\"\" tab_item_padding=\"||||false|false\" tab_title_padding=\"31px||31px||true|false\" body_description_margin=\"0|0|0px|0|false|false\" body_description_padding=\"15px|135px|15px|135px|true|true\" content_bg_color=\"#FFFFFF\" tab_title_padding_tablet=\"28px||28px||true|false\" tab_title_padding_phone=\"8px||8px||true|false\" tab_title_padding_last_edited=\"on|tablet\" body_description_padding_tablet=\"|100px||100px|true|true\" [&hellip;]","twitter_site":"@ProSotoNorte","twitter_misc":{"Est. reading time":"1 minute"},"schema":{"@context":"https:\/\/schema.org","@graph":[{"@type":"WebPage","@id":"https:\/\/proyectosotonorte.com\/prueba-2\/","url":"https:\/\/proyectosotonorte.com\/prueba-2\/","name":"prueba | Proyecto Soto Norte","isPartOf":{"@id":"https:\/\/proyectosotonorte.com\/#website"},"datePublished":"2023-09-05T17:22:57+00:00","dateModified":"2023-09-05T18:14:48+00:00","breadcrumb":{"@id":"https:\/\/proyectosotonorte.com\/prueba-2\/#breadcrumb"},"inLanguage":"en-US","potentialAction":[{"@type":"ReadAction","target":["https:\/\/proyectosotonorte.com\/prueba-2\/"]}]},{"@type":"BreadcrumbList","@id":"https:\/\/proyectosotonorte.com\/prueba-2\/#breadcrumb","itemListElement":[{"@type":"ListItem","position":1,"name":"Portada","item":"https:\/\/proyectosotonorte.com\/"},{"@type":"ListItem","position":2,"name":"prueba"}]},{"@type":"WebSite","@id":"https:\/\/proyectosotonorte.com\/#website","url":"https:\/\/proyectosotonorte.com\/","name":"Proyecto Soto Norte","description":"The Soto Norte Project (PSN for its acronym in Spanish) is a historic commitment in Santander to make mining for life, conceived from the social sustainability that has water conservation as a guiding principle, guarantees the anticipated development of the region and preserves and promotes the pride of the territory.","publisher":{"@id":"https:\/\/proyectosotonorte.com\/#organization"},"potentialAction":[{"@type":"SearchAction","target":{"@type":"EntryPoint","urlTemplate":"https:\/\/proyectosotonorte.com\/?s={search_term_string}"},"query-input":{"@type":"PropertyValueSpecification","valueRequired":true,"valueName":"search_term_string"}}],"inLanguage":"en-US"},{"@type":"Organization","@id":"https:\/\/proyectosotonorte.com\/#organization","name":"Proyecto Soto Norte","alternateName":"El Proyecto Soto Norte es una apuesta hist\u00f3rica en Santander para hacer miner\u00eda para la vida, concebida a partir de la sostenibilidad social que tiene a la conservaci\u00f3n del agua como principio rector, garantiza el desarrollo anticipado de la regi\u00f3n y preserva e impulsa el orgullo del territorio.","url":"https:\/\/proyectosotonorte.com\/","logo":{"@type":"ImageObject","inLanguage":"en-US","@id":"https:\/\/proyectosotonorte.com\/#\/schema\/logo\/image\/","url":"https:\/\/proyectosotonorte.com\/wp-content\/uploads\/cropped-logo-pequeno-PSN.webp","contentUrl":"https:\/\/proyectosotonorte.com\/wp-content\/uploads\/cropped-logo-pequeno-PSN.webp","width":512,"height":512,"caption":"Proyecto Soto Norte"},"image":{"@id":"https:\/\/proyectosotonorte.com\/#\/schema\/logo\/image\/"},"sameAs":["https:\/\/www.facebook.com\/ProSotoNorte\/","https:\/\/x.com\/ProSotoNorte","https:\/\/www.instagram.com\/prosotonorte\/"]}]}},"_links":{"self":[{"href":"https:\/\/proyectosotonorte.com\/en\/wp-json\/wp\/v2\/pages\/987512784","targetHints":{"allow":["GET"]}}],"collection":[{"href":"https:\/\/proyectosotonorte.com\/en\/wp-json\/wp\/v2\/pages"}],"about":[{"href":"https:\/\/proyectosotonorte.com\/en\/wp-json\/wp\/v2\/types\/page"}],"author":[{"embeddable":true,"href":"https:\/\/proyectosotonorte.com\/en\/wp-json\/wp\/v2\/users\/1"}],"replies":[{"embeddable":true,"href":"https:\/\/proyectosotonorte.com\/en\/wp-json\/wp\/v2\/comments?post=987512784"}],"version-history":[{"count":0,"href":"https:\/\/proyectosotonorte.com\/en\/wp-json\/wp\/v2\/pages\/987512784\/revisions"}],"wp:attachment":[{"href":"https:\/\/proyectosotonorte.com\/en\/wp-json\/wp\/v2\/media?parent=987512784"}],"curies":[{"name":"wp","href":"https:\/\/api.w.org\/{rel}","templated":true}]}}